{"id":103,"date":"2022-03-10T18:18:22","date_gmt":"2022-03-10T18:18:22","guid":{"rendered":"https:\/\/saloneksona.cz\/?page_id=103"},"modified":"2022-03-11T15:00:53","modified_gmt":"2022-03-11T15:00:53","slug":"kontakty","status":"publish","type":"page","link":"https:\/\/pcdobra.cz\/index.php\/kontakty\/","title":{"rendered":"kontakty"},"content":{"rendered":"\t\t<div data-elementor-type=\"wp-page\" data-elementor-id=\"103\" class=\"elementor elementor-103\">\n\t\t\t\t\t\t<section class=\"elementor-section elementor-top-section elementor-element elementor-element-9422055 elementor-section-boxed elementor-section-height-default elementor-section-height-default\" data-id=\"9422055\" data-element_type=\"section\" data-e-type=\"section\">\n\t\t\t\t\t\t<div class=\"elementor-container elementor-column-gap-default\">\n\t\t\t\t\t<div class=\"elementor-column elementor-col-100 elementor-top-column elementor-element elementor-element-b5d131b\" data-id=\"b5d131b\" data-element_type=\"column\" data-e-type=\"column\">\n\t\t\t<div class=\"elementor-widget-wrap elementor-element-populated\">\n\t\t\t\t\t\t<div class=\"elementor-element elementor-element-fea400e elementor-widget elementor-widget-spacer\" data-id=\"fea400e\" data-element_type=\"widget\" data-e-type=\"widget\" data-widget_type=\"spacer.default\">\n\t\t\t\t<div class=\"elementor-widget-container\">\n\t\t\t\t\t\t\t<div class=\"elementor-spacer\">\n\t\t\t<div class=\"elementor-spacer-inner\"><\/div>\n\t\t<\/div>\n\t\t\t\t\t\t<\/div>\n\t\t\t\t<\/div>\n\t\t\t\t<div class=\"elementor-element elementor-element-429b65a elementor-widget elementor-widget-heading\" data-id=\"429b65a\" data-element_type=\"widget\" data-e-type=\"widget\" data-widget_type=\"heading.default\">\n\t\t\t\t<div class=\"elementor-widget-container\">\n\t\t\t\t\t<h2 class=\"elementor-heading-title elementor-size-default\">Kontakty<\/h2>\t\t\t\t<\/div>\n\t\t\t\t<\/div>\n\t\t\t\t\t<\/div>\n\t\t<\/div>\n\t\t\t\t\t<\/div>\n\t\t<\/section>\n\t\t\t\t<section class=\"elementor-section elementor-top-section elementor-element elementor-element-0bf9918 elementor-section-full_width elementor-section-height-default elementor-section-height-default\" data-id=\"0bf9918\" data-element_type=\"section\" data-e-type=\"section\">\n\t\t\t\t\t\t<div class=\"elementor-container elementor-column-gap-default\">\n\t\t\t\t\t<div class=\"elementor-column elementor-col-100 elementor-top-column elementor-element elementor-element-be44c22\" data-id=\"be44c22\" data-element_type=\"column\" data-e-type=\"column\">\n\t\t\t<div class=\"elementor-widget-wrap elementor-element-populated\">\n\t\t\t\t\t\t<div class=\"elementor-element elementor-element-0733e25 elementor-widget elementor-widget-google_maps\" data-id=\"0733e25\" data-element_type=\"widget\" data-e-type=\"widget\" data-widget_type=\"google_maps.default\">\n\t\t\t\t<div class=\"elementor-widget-container\">\n\t\t\t\t\t\t\t<div class=\"elementor-custom-embed\">\n\t\t\t<iframe loading=\"lazy\"\n\t\t\t\t\tsrc=\"https:\/\/www.google.com\/maps\/embed\/v1\/place?key=AIzaSyAn3BkCdOC0qAyC8mgRSbavUzqZJI0p-Fk&#038;q=Dobr%C3%A1%20230%2C%20739%2051%20Dobr%C3%A1&#038;zoom=16\"\n\t\t\t\t\ttitle=\"Dobr\u00e1 230, 739 51 Dobr\u00e1\"\n\t\t\t\t\taria-label=\"Dobr\u00e1 230, 739 51 Dobr\u00e1\"\n\t\t\t><\/iframe>\n\t\t<\/div>\n\t\t\t\t\t\t<\/div>\n\t\t\t\t<\/div>\n\t\t\t\t\t<\/div>\n\t\t<\/div>\n\t\t\t\t\t<\/div>\n\t\t<\/section>\n\t\t\t\t<section class=\"elementor-section elementor-top-section elementor-element elementor-element-227dc30 elementor-section-boxed elementor-section-height-default elementor-section-height-default\" data-id=\"227dc30\" data-element_type=\"section\" data-e-type=\"section\">\n\t\t\t\t\t\t<div class=\"elementor-container elementor-column-gap-default\">\n\t\t\t\t\t<div class=\"elementor-column elementor-col-100 elementor-top-column elementor-element elementor-element-cb77715\" data-id=\"cb77715\" data-element_type=\"column\" data-e-type=\"column\">\n\t\t\t<div class=\"elementor-widget-wrap elementor-element-populated\">\n\t\t\t\t\t\t<div class=\"elementor-element elementor-element-604ea0e elementor-widget elementor-widget-spacer\" data-id=\"604ea0e\" data-element_type=\"widget\" data-e-type=\"widget\" data-widget_type=\"spacer.default\">\n\t\t\t\t<div class=\"elementor-widget-container\">\n\t\t\t\t\t\t\t<div class=\"elementor-spacer\">\n\t\t\t<div class=\"elementor-spacer-inner\"><\/div>\n\t\t<\/div>\n\t\t\t\t\t\t<\/div>\n\t\t\t\t<\/div>\n\t\t\t\t\t<\/div>\n\t\t<\/div>\n\t\t\t\t\t<\/div>\n\t\t<\/section>\n\t\t\t\t<section class=\"elementor-section elementor-top-section elementor-element elementor-element-8785827 elementor-section-boxed elementor-section-height-default elementor-section-height-default\" data-id=\"8785827\" data-element_type=\"section\" data-e-type=\"section\">\n\t\t\t\t\t\t<div class=\"elementor-container elementor-column-gap-default\">\n\t\t\t\t\t<div class=\"elementor-column elementor-col-100 elementor-top-column elementor-element elementor-element-2ddf7fb\" data-id=\"2ddf7fb\" data-element_type=\"column\" data-e-type=\"column\">\n\t\t\t<div class=\"elementor-widget-wrap elementor-element-populated\">\n\t\t\t\t\t\t<div class=\"elementor-element elementor-element-ea736eb elementor-widget elementor-widget-image\" data-id=\"ea736eb\" data-element_type=\"widget\" data-e-type=\"widget\" data-widget_type=\"image.default\">\n\t\t\t\t<div class=\"elementor-widget-container\">\n\t\t\t\t\t\t\t\t\t\t\t\t\t\t\t<img fetchpriority=\"high\" decoding=\"async\" width=\"800\" height=\"562\" src=\"https:\/\/pcdobra.cz\/wp-content\/uploads\/2022\/03\/Kontakt-e1647010823488.png\" class=\"attachment-large size-large wp-image-141\" alt=\"\" srcset=\"https:\/\/pcdobra.cz\/wp-content\/uploads\/2022\/03\/Kontakt-e1647010823488.png 954w, https:\/\/pcdobra.cz\/wp-content\/uploads\/2022\/03\/Kontakt-e1647010823488-300x211.png 300w, https:\/\/pcdobra.cz\/wp-content\/uploads\/2022\/03\/Kontakt-e1647010823488-768x539.png 768w\" sizes=\"(max-width: 800px) 100vw, 800px\" \/>\t\t\t\t\t\t\t\t\t\t\t\t\t\t\t<\/div>\n\t\t\t\t<\/div>\n\t\t\t\t\t<\/div>\n\t\t<\/div>\n\t\t\t\t\t<\/div>\n\t\t<\/section>\n\t\t\t\t<\/div>\n\t\t","protected":false},"excerpt":{"rendered":"<p>Kontakty<\/p>\n","protected":false},"author":1,"featured_media":0,"parent":0,"menu_order":0,"comment_status":"closed","ping_status":"closed","template":"page-templates\/template-pagebuilder-full-width.php","meta":{"footnotes":""},"class_list":["post-103","page","type-page","status-publish","hentry"],"yoast_head":"<!-- This site is optimized with the Yoast SEO Premium plugin v21.6 (Yoast SEO v27.4) - https:\/\/yoast.com\/product\/yoast-seo-premium-wordpress\/ -->\n<title>kontakty | Servis po\u010d\u00edta\u010d\u016f a notebook\u016f<\/title>\n<meta name=\"robots\" content=\"index, follow, max-snippet:-1, max-image-preview:large, max-video-preview:-1\" \/>\n<link rel=\"canonical\" href=\"https:\/\/pcdobra.cz\/index.php\/kontakty\/\" \/>\n<meta property=\"og:locale\" content=\"cs_CZ\" \/>\n<meta property=\"og:type\" content=\"article\" \/>\n<meta property=\"og:title\" content=\"kontakty\" \/>\n<meta property=\"og:description\" content=\"Kontakty\" \/>\n<meta property=\"og:url\" content=\"https:\/\/pcdobra.cz\/index.php\/kontakty\/\" \/>\n<meta property=\"og:site_name\" content=\"Servis po\u010d\u00edta\u010d\u016f a notebook\u016f\" \/>\n<meta property=\"article:modified_time\" content=\"2022-03-11T15:00:53+00:00\" \/>\n<meta property=\"og:image\" content=\"https:\/\/saloneksona.cz\/wp-content\/uploads\/2022\/03\/Kontakt-e1647010823488.png\" \/>\n<meta name=\"twitter:card\" content=\"summary_large_image\" \/>\n<script type=\"application\/ld+json\" class=\"yoast-schema-graph\">{\"@context\":\"https:\\\/\\\/schema.org\",\"@graph\":[{\"@type\":\"WebPage\",\"@id\":\"https:\\\/\\\/pcdobra.cz\\\/index.php\\\/kontakty\\\/\",\"url\":\"https:\\\/\\\/pcdobra.cz\\\/index.php\\\/kontakty\\\/\",\"name\":\"kontakty | Servis po\u010d\u00edta\u010d\u016f a notebook\u016f\",\"isPartOf\":{\"@id\":\"https:\\\/\\\/pcdobra.cz\\\/#website\"},\"primaryImageOfPage\":{\"@id\":\"https:\\\/\\\/pcdobra.cz\\\/index.php\\\/kontakty\\\/#primaryimage\"},\"image\":{\"@id\":\"https:\\\/\\\/pcdobra.cz\\\/index.php\\\/kontakty\\\/#primaryimage\"},\"thumbnailUrl\":\"https:\\\/\\\/saloneksona.cz\\\/wp-content\\\/uploads\\\/2022\\\/03\\\/Kontakt-e1647010823488.png\",\"datePublished\":\"2022-03-10T18:18:22+00:00\",\"dateModified\":\"2022-03-11T15:00:53+00:00\",\"breadcrumb\":{\"@id\":\"https:\\\/\\\/pcdobra.cz\\\/index.php\\\/kontakty\\\/#breadcrumb\"},\"inLanguage\":\"cs\",\"potentialAction\":[{\"@type\":\"ReadAction\",\"target\":[\"https:\\\/\\\/pcdobra.cz\\\/index.php\\\/kontakty\\\/\"]}]},{\"@type\":\"ImageObject\",\"inLanguage\":\"cs\",\"@id\":\"https:\\\/\\\/pcdobra.cz\\\/index.php\\\/kontakty\\\/#primaryimage\",\"url\":\"https:\\\/\\\/saloneksona.cz\\\/wp-content\\\/uploads\\\/2022\\\/03\\\/Kontakt-e1647010823488.png\",\"contentUrl\":\"https:\\\/\\\/saloneksona.cz\\\/wp-content\\\/uploads\\\/2022\\\/03\\\/Kontakt-e1647010823488.png\"},{\"@type\":\"BreadcrumbList\",\"@id\":\"https:\\\/\\\/pcdobra.cz\\\/index.php\\\/kontakty\\\/#breadcrumb\",\"itemListElement\":[{\"@type\":\"ListItem\",\"position\":1,\"name\":\"Dom\u016f\",\"item\":\"https:\\\/\\\/pcdobra.cz\\\/\"},{\"@type\":\"ListItem\",\"position\":2,\"name\":\"kontakty\"}]},{\"@type\":\"WebSite\",\"@id\":\"https:\\\/\\\/pcdobra.cz\\\/#website\",\"url\":\"https:\\\/\\\/pcdobra.cz\\\/\",\"name\":\"Servis po\u010d\u00edta\u010d\u016f a notebook\u016f\",\"description\":\"Ing. Radim B\u00fcrger\",\"publisher\":{\"@id\":\"https:\\\/\\\/pcdobra.cz\\\/#\\\/schema\\\/person\\\/7238c0a9b66c801a9211e312dfc0f87d\"},\"alternateName\":\"Oprava po\u010d\u00edta\u010d\u016f\",\"potentialAction\":[{\"@type\":\"SearchAction\",\"target\":{\"@type\":\"EntryPoint\",\"urlTemplate\":\"https:\\\/\\\/pcdobra.cz\\\/?s={search_term_string}\"},\"query-input\":{\"@type\":\"PropertyValueSpecification\",\"valueRequired\":true,\"valueName\":\"search_term_string\"}}],\"inLanguage\":\"cs\"},{\"@type\":[\"Person\",\"Organization\"],\"@id\":\"https:\\\/\\\/pcdobra.cz\\\/#\\\/schema\\\/person\\\/7238c0a9b66c801a9211e312dfc0f87d\",\"name\":\"Radim B\u00fcrger\",\"image\":{\"@type\":\"ImageObject\",\"inLanguage\":\"cs\",\"@id\":\"https:\\\/\\\/pcdobra.cz\\\/wp-content\\\/uploads\\\/2024\\\/01\\\/web_logo2.png\",\"url\":\"https:\\\/\\\/pcdobra.cz\\\/wp-content\\\/uploads\\\/2024\\\/01\\\/web_logo2.png\",\"contentUrl\":\"https:\\\/\\\/pcdobra.cz\\\/wp-content\\\/uploads\\\/2024\\\/01\\\/web_logo2.png\",\"width\":292,\"height\":56,\"caption\":\"Radim B\u00fcrger\"},\"logo\":{\"@id\":\"https:\\\/\\\/pcdobra.cz\\\/wp-content\\\/uploads\\\/2024\\\/01\\\/web_logo2.png\"},\"sameAs\":[\"https:\\\/\\\/pcdobra.cz\"],\"publishingPrinciples\":\"https:\\\/\\\/pcdobra.cz\\\/\",\"ownershipFundingInfo\":\"https:\\\/\\\/pcdobra.cz\\\/index.php\\\/cenik-sluzeb\\\/\",\"actionableFeedbackPolicy\":\"https:\\\/\\\/pcdobra.cz\\\/index.php\\\/kontakt\\\/\"}]}<\/script>\n<!-- \/ Yoast SEO Premium plugin. -->","yoast_head_json":{"title":"kontakty | Servis po\u010d\u00edta\u010d\u016f a notebook\u016f","robots":{"index":"index","follow":"follow","max-snippet":"max-snippet:-1","max-image-preview":"max-image-preview:large","max-video-preview":"max-video-preview:-1"},"canonical":"https:\/\/pcdobra.cz\/index.php\/kontakty\/","og_locale":"cs_CZ","og_type":"article","og_title":"kontakty","og_description":"Kontakty","og_url":"https:\/\/pcdobra.cz\/index.php\/kontakty\/","og_site_name":"Servis po\u010d\u00edta\u010d\u016f a notebook\u016f","article_modified_time":"2022-03-11T15:00:53+00:00","og_image":[{"url":"https:\/\/saloneksona.cz\/wp-content\/uploads\/2022\/03\/Kontakt-e1647010823488.png","type":"","width":"","height":""}],"twitter_card":"summary_large_image","schema":{"@context":"https:\/\/schema.org","@graph":[{"@type":"WebPage","@id":"https:\/\/pcdobra.cz\/index.php\/kontakty\/","url":"https:\/\/pcdobra.cz\/index.php\/kontakty\/","name":"kontakty | Servis po\u010d\u00edta\u010d\u016f a notebook\u016f","isPartOf":{"@id":"https:\/\/pcdobra.cz\/#website"},"primaryImageOfPage":{"@id":"https:\/\/pcdobra.cz\/index.php\/kontakty\/#primaryimage"},"image":{"@id":"https:\/\/pcdobra.cz\/index.php\/kontakty\/#primaryimage"},"thumbnailUrl":"https:\/\/saloneksona.cz\/wp-content\/uploads\/2022\/03\/Kontakt-e1647010823488.png","datePublished":"2022-03-10T18:18:22+00:00","dateModified":"2022-03-11T15:00:53+00:00","breadcrumb":{"@id":"https:\/\/pcdobra.cz\/index.php\/kontakty\/#breadcrumb"},"inLanguage":"cs","potentialAction":[{"@type":"ReadAction","target":["https:\/\/pcdobra.cz\/index.php\/kontakty\/"]}]},{"@type":"ImageObject","inLanguage":"cs","@id":"https:\/\/pcdobra.cz\/index.php\/kontakty\/#primaryimage","url":"https:\/\/saloneksona.cz\/wp-content\/uploads\/2022\/03\/Kontakt-e1647010823488.png","contentUrl":"https:\/\/saloneksona.cz\/wp-content\/uploads\/2022\/03\/Kontakt-e1647010823488.png"},{"@type":"BreadcrumbList","@id":"https:\/\/pcdobra.cz\/index.php\/kontakty\/#breadcrumb","itemListElement":[{"@type":"ListItem","position":1,"name":"Dom\u016f","item":"https:\/\/pcdobra.cz\/"},{"@type":"ListItem","position":2,"name":"kontakty"}]},{"@type":"WebSite","@id":"https:\/\/pcdobra.cz\/#website","url":"https:\/\/pcdobra.cz\/","name":"Servis po\u010d\u00edta\u010d\u016f a notebook\u016f","description":"Ing. Radim B\u00fcrger","publisher":{"@id":"https:\/\/pcdobra.cz\/#\/schema\/person\/7238c0a9b66c801a9211e312dfc0f87d"},"alternateName":"Oprava po\u010d\u00edta\u010d\u016f","potentialAction":[{"@type":"SearchAction","target":{"@type":"EntryPoint","urlTemplate":"https:\/\/pcdobra.cz\/?s={search_term_string}"},"query-input":{"@type":"PropertyValueSpecification","valueRequired":true,"valueName":"search_term_string"}}],"inLanguage":"cs"},{"@type":["Person","Organization"],"@id":"https:\/\/pcdobra.cz\/#\/schema\/person\/7238c0a9b66c801a9211e312dfc0f87d","name":"Radim B\u00fcrger","image":{"@type":"ImageObject","inLanguage":"cs","@id":"https:\/\/pcdobra.cz\/wp-content\/uploads\/2024\/01\/web_logo2.png","url":"https:\/\/pcdobra.cz\/wp-content\/uploads\/2024\/01\/web_logo2.png","contentUrl":"https:\/\/pcdobra.cz\/wp-content\/uploads\/2024\/01\/web_logo2.png","width":292,"height":56,"caption":"Radim B\u00fcrger"},"logo":{"@id":"https:\/\/pcdobra.cz\/wp-content\/uploads\/2024\/01\/web_logo2.png"},"sameAs":["https:\/\/pcdobra.cz"],"publishingPrinciples":"https:\/\/pcdobra.cz\/","ownershipFundingInfo":"https:\/\/pcdobra.cz\/index.php\/cenik-sluzeb\/","actionableFeedbackPolicy":"https:\/\/pcdobra.cz\/index.php\/kontakt\/"}]}},"_links":{"self":[{"href":"https:\/\/pcdobra.cz\/index.php\/wp-json\/wp\/v2\/pages\/103","targetHints":{"allow":["GET"]}}],"collection":[{"href":"https:\/\/pcdobra.cz\/index.php\/wp-json\/wp\/v2\/pages"}],"about":[{"href":"https:\/\/pcdobra.cz\/index.php\/wp-json\/wp\/v2\/types\/page"}],"author":[{"embeddable":true,"href":"https:\/\/pcdobra.cz\/index.php\/wp-json\/wp\/v2\/users\/1"}],"replies":[{"embeddable":true,"href":"https:\/\/pcdobra.cz\/index.php\/wp-json\/wp\/v2\/comments?post=103"}],"version-history":[{"count":10,"href":"https:\/\/pcdobra.cz\/index.php\/wp-json\/wp\/v2\/pages\/103\/revisions"}],"predecessor-version":[{"id":148,"href":"https:\/\/pcdobra.cz\/index.php\/wp-json\/wp\/v2\/pages\/103\/revisions\/148"}],"wp:attachment":[{"href":"https:\/\/pcdobra.cz\/index.php\/wp-json\/wp\/v2\/media?parent=103"}],"curies":[{"name":"wp","href":"https:\/\/api.w.org\/{rel}","templated":true}]}}