{"id":308,"date":"2023-11-25T19:04:59","date_gmt":"2023-11-25T18:04:59","guid":{"rendered":"https:\/\/pcdobra.cz\/?page_id=308"},"modified":"2023-11-30T05:53:03","modified_gmt":"2023-11-30T04:53:03","slug":"servis-pocitacu","status":"publish","type":"page","link":"https:\/\/pcdobra.cz\/index.php\/servis-pocitacu\/","title":{"rendered":"Servis po\u010d\u00edta\u010d\u016f"},"content":{"rendered":"\t\t<div data-elementor-type=\"wp-page\" data-elementor-id=\"308\" class=\"elementor elementor-308\">\n\t\t\t\t<div class=\"elementor-element elementor-element-3e1f876 e-con-full e-flex e-con e-parent\" data-id=\"3e1f876\" data-element_type=\"container\" data-e-type=\"container\" data-settings=\"{&quot;background_background&quot;:&quot;classic&quot;}\">\n\t\t<div class=\"elementor-element elementor-element-12894c6 e-flex e-con-boxed e-con e-child\" data-id=\"12894c6\" data-element_type=\"container\" data-e-type=\"container\">\n\t\t\t\t\t<div class=\"e-con-inner\">\n\t\t\t\t<div class=\"elementor-element elementor-element-8fe4ddf elementor-widget elementor-widget-heading\" data-id=\"8fe4ddf\" data-element_type=\"widget\" data-e-type=\"widget\" data-widget_type=\"heading.default\">\n\t\t\t\t<div class=\"elementor-widget-container\">\n\t\t\t\t\t<h1 class=\"elementor-heading-title elementor-size-xxl\">Nefunguje v\u00e1m po\u010d\u00edta\u010d spr\u00e1vn\u011b?<\/h1>\t\t\t\t<\/div>\n\t\t\t\t<\/div>\n\t\t\t\t<div class=\"elementor-element elementor-element-9dc3c70 elementor-hidden-mobile elementor-widget elementor-widget-heading\" data-id=\"9dc3c70\" data-element_type=\"widget\" data-e-type=\"widget\" data-widget_type=\"heading.default\">\n\t\t\t\t<div class=\"elementor-widget-container\">\n\t\t\t\t\t<h3 class=\"elementor-heading-title elementor-size-large\">S na\u0161\u00ed diagnostikou a opravou vr\u00e1t\u00edme V\u00e1\u0161 PC do kondice.<\/h3>\t\t\t\t<\/div>\n\t\t\t\t<\/div>\n\t\t\t\t\t<\/div>\n\t\t\t\t<\/div>\n\t\t\t\t<\/div>\n\t\t<div class=\"elementor-element elementor-element-f7a319c e-flex e-con-boxed e-con e-parent\" data-id=\"f7a319c\" data-element_type=\"container\" data-e-type=\"container\">\n\t\t\t\t\t<div class=\"e-con-inner\">\n\t\t\t\t<div class=\"elementor-element elementor-element-f3f2307 elementor-widget elementor-widget-spacer\" data-id=\"f3f2307\" data-element_type=\"widget\" data-e-type=\"widget\" data-widget_type=\"spacer.default\">\n\t\t\t\t<div class=\"elementor-widget-container\">\n\t\t\t\t\t\t\t<div class=\"elementor-spacer\">\n\t\t\t<div class=\"elementor-spacer-inner\"><\/div>\n\t\t<\/div>\n\t\t\t\t\t\t<\/div>\n\t\t\t\t<\/div>\n\t\t\t\t\t<\/div>\n\t\t\t\t<\/div>\n\t\t<div class=\"elementor-element elementor-element-72c64d5 e-flex e-con-boxed e-con e-parent\" data-id=\"72c64d5\" data-element_type=\"container\" data-e-type=\"container\">\n\t\t\t\t\t<div class=\"e-con-inner\">\n\t\t\t\t<div class=\"elementor-element elementor-element-fbe5d3e elementor-widget elementor-widget-text-editor\" data-id=\"fbe5d3e\" data-element_type=\"widget\" data-e-type=\"widget\" data-widget_type=\"text-editor.default\">\n\t\t\t\t<div class=\"elementor-widget-container\">\n\t\t\t\t\t\t\t\t\t<p><em>V\u00edme, \u017ee modern\u00ed digit\u00e1ln\u00ed sv\u011bt m\u016f\u017ee b\u00fdt n\u011bkdy zr\u00e1dn\u00fd a pln\u00fd technick\u00fdch v\u00fdzev. Ale na\u0161t\u011bst\u00ed tady jsme my, abychom v\u00e1m pomohli s ka\u017ed\u00fdm probl\u00e9mem, kter\u00fd by v\u00e1m mohl zk\u0159\u00ed\u017eit cestu!<\/em><\/p><p>Nab\u00edz\u00edme \u0161irokou \u0161k\u00e1lu slu\u017eeb od diagnostiky po\u010d\u00edta\u010de a\u017e po komplexn\u00ed instalace opera\u010dn\u00edch syst\u00e9m\u016f. Chceme, abyste m\u011bli sv\u00e9 za\u0159\u00edzen\u00ed v optim\u00e1ln\u00edm stavu, a\u0165 u\u017e pot\u0159ebujete zrychlit v\u00e1\u0161 po\u010d\u00edta\u010d, odstranit viry nebo prov\u00e9st n\u00e1ro\u010dn\u011bj\u0161\u00ed hardwareov\u00e9 \u00fapravy.<\/p><h2>\u00a0<\/h2><h2><span style=\"color: #c0141c;\"><strong>Pro\u010d si vybrat na\u0161e slu\u017eby?<\/strong><\/span><\/h2><ol><li><p><strong>Odbornost: <\/strong>M\u00e1me dlouholet\u00e9 zku\u0161enosti s opravami po\u010d\u00edta\u010d\u016f v\u0161ech zna\u010dek.<\/p><\/li><li><p><strong>Spolehlivost:<\/strong> S n\u00e1mi m\u016f\u017eete po\u010d\u00edtat. Jsme zde, abychom V\u00e1m poskytli kvalitn\u00ed a spolehliv\u00e9 slu\u017eby.<\/p><\/li><li><p><strong>Flexibilita:<\/strong> Ka\u017ed\u00fd z\u00e1kazn\u00edk je jedine\u010dn\u00fd, a proto p\u0159istupujeme k Va\u0161im pot\u0159eb\u00e1m individu\u00e1ln\u011b. \u017d\u00e1dn\u00fd probl\u00e9m neb\u00fdv\u00e1 p\u0159\u00edli\u0161 mal\u00fd nebo p\u0159\u00edli\u0161 slo\u017eit\u00fd.<\/p><\/li><li><p><strong>Transparentnost:<\/strong> Cen\u00edk na\u0161ich slu\u017eeb je jasn\u00fd a transparentn\u00ed. P\u0159ed zah\u00e1jen\u00edm pr\u00e1ce V\u00e1s informujeme o cen\u00e1ch.<\/p><\/li><\/ol><h2>\u00a0<\/h2><h2><span style=\"color: #c0141c;\"><strong>Jak to funguje?<\/strong><\/span><\/h2><ol><li><p><strong>Kontaktujte n\u00e1s:<\/strong> Zavolejte n\u00e1m nebo n\u00e1m po\u0161lete zpr\u00e1vu a popi\u0161te n\u00e1m V\u00e1\u0161 probl\u00e9m.<\/p><\/li><li><p><strong>Diagnostika:<\/strong> Provedeme diagnostiku va\u0161eho za\u0159\u00edzen\u00ed a sd\u011bl\u00edme V\u00e1m, co je pot\u0159eba ud\u011blat.<\/p><\/li><li><p><strong>Oprava nebo \u00faprava:<\/strong> Na z\u00e1klad\u011b diagnostiky provedeme pot\u0159ebn\u00e9 opravy nebo \u00fapravy.<\/p><\/li><li><p><strong>Odb\u011br nebo doru\u010den\u00ed:<\/strong> Po dokon\u010den\u00ed pr\u00e1ce V\u00e1s budeme kontaktovat a domluv\u00edme se na p\u0159ed\u00e1n\u00ed za\u0159\u00edzen\u00ed.<\/p><\/li><\/ol><h2>\u00a0<\/h2><h2><span style=\"color: #c0141c;\"><strong>Jsme tu pro v\u00e1s!<\/strong><\/span><\/h2><p>Nem\u00e1te sebemen\u0161\u00ed tu\u0161en\u00ed, co je s va\u0161\u00edm po\u010d\u00edta\u010dem nebo notebookem \u0161patn\u011b? Nebojte se n\u00e1s kontaktovat! Va\u0161e spokojenost je na\u0161\u00ed prioritou.<\/p><p><em>P\u0159ipojte se k na\u0161\u00ed rodin\u011b spokojen\u00fdch z\u00e1kazn\u00edk\u016f a dejte sv\u00fdm za\u0159\u00edzen\u00edm nov\u00fd \u017eivot s na\u0161\u00ed pomoc\u00ed!<\/em><\/p>\t\t\t\t\t\t\t\t<\/div>\n\t\t\t\t<\/div>\n\t\t\t\t\t<\/div>\n\t\t\t\t<\/div>\n\t\t\t\t<\/div>\n\t\t","protected":false},"excerpt":{"rendered":"<p>Nefunguje v\u00e1m po\u010d\u00edta\u010d spr\u00e1vn\u011b? S na\u0161\u00ed diagnostikou a opravou vr\u00e1t\u00edme V\u00e1\u0161 PC do kondice. V\u00edme, \u017ee modern\u00ed digit\u00e1ln\u00ed sv\u011bt m\u016f\u017ee b\u00fdt n\u011bkdy zr\u00e1dn\u00fd a pln\u00fd technick\u00fdch v\u00fdzev. Ale na\u0161t\u011bst\u00ed tady &#8230;<\/p>\n","protected":false},"author":1,"featured_media":0,"parent":0,"menu_order":0,"comment_status":"closed","ping_status":"closed","template":"elementor_header_footer","meta":{"footnotes":""},"class_list":["post-308","page","type-page","status-publish","hentry"],"yoast_head":"<!-- This site is optimized with the Yoast SEO Premium plugin v21.6 (Yoast SEO v27.4) - https:\/\/yoast.com\/product\/yoast-seo-premium-wordpress\/ -->\n<title>Servis po\u010d\u00edta\u010d\u016f | Servis po\u010d\u00edta\u010d\u016f a notebook\u016f<\/title>\n<meta name=\"robots\" content=\"index, follow, max-snippet:-1, max-image-preview:large, max-video-preview:-1\" \/>\n<link rel=\"canonical\" href=\"https:\/\/pcdobra.cz\/index.php\/servis-pocitacu\/\" \/>\n<meta property=\"og:locale\" content=\"cs_CZ\" \/>\n<meta property=\"og:type\" content=\"article\" \/>\n<meta property=\"og:title\" content=\"Servis po\u010d\u00edta\u010d\u016f\" \/>\n<meta property=\"og:description\" content=\"Nefunguje v\u00e1m po\u010d\u00edta\u010d spr\u00e1vn\u011b? S na\u0161\u00ed diagnostikou a opravou vr\u00e1t\u00edme V\u00e1\u0161 PC do kondice. V\u00edme, \u017ee modern\u00ed digit\u00e1ln\u00ed sv\u011bt m\u016f\u017ee b\u00fdt n\u011bkdy zr\u00e1dn\u00fd a pln\u00fd technick\u00fdch v\u00fdzev. Ale na\u0161t\u011bst\u00ed tady ...\" \/>\n<meta property=\"og:url\" content=\"https:\/\/pcdobra.cz\/index.php\/servis-pocitacu\/\" \/>\n<meta property=\"og:site_name\" content=\"Servis po\u010d\u00edta\u010d\u016f a notebook\u016f\" \/>\n<meta property=\"article:modified_time\" content=\"2023-11-30T04:53:03+00:00\" \/>\n<meta name=\"twitter:card\" content=\"summary_large_image\" \/>\n<meta name=\"twitter:label1\" content=\"Odhadovan\u00e1 doba \u010dten\u00ed\" \/>\n\t<meta name=\"twitter:data1\" content=\"2 minuty\" \/>\n<script type=\"application\/ld+json\" class=\"yoast-schema-graph\">{\"@context\":\"https:\\\/\\\/schema.org\",\"@graph\":[{\"@type\":\"WebPage\",\"@id\":\"https:\\\/\\\/pcdobra.cz\\\/index.php\\\/servis-pocitacu\\\/\",\"url\":\"https:\\\/\\\/pcdobra.cz\\\/index.php\\\/servis-pocitacu\\\/\",\"name\":\"Servis po\u010d\u00edta\u010d\u016f | Servis po\u010d\u00edta\u010d\u016f a notebook\u016f\",\"isPartOf\":{\"@id\":\"https:\\\/\\\/pcdobra.cz\\\/#website\"},\"datePublished\":\"2023-11-25T18:04:59+00:00\",\"dateModified\":\"2023-11-30T04:53:03+00:00\",\"breadcrumb\":{\"@id\":\"https:\\\/\\\/pcdobra.cz\\\/index.php\\\/servis-pocitacu\\\/#breadcrumb\"},\"inLanguage\":\"cs\",\"potentialAction\":[{\"@type\":\"ReadAction\",\"target\":[\"https:\\\/\\\/pcdobra.cz\\\/index.php\\\/servis-pocitacu\\\/\"]}]},{\"@type\":\"BreadcrumbList\",\"@id\":\"https:\\\/\\\/pcdobra.cz\\\/index.php\\\/servis-pocitacu\\\/#breadcrumb\",\"itemListElement\":[{\"@type\":\"ListItem\",\"position\":1,\"name\":\"Dom\u016f\",\"item\":\"https:\\\/\\\/pcdobra.cz\\\/\"},{\"@type\":\"ListItem\",\"position\":2,\"name\":\"Servis po\u010d\u00edta\u010d\u016f\"}]},{\"@type\":\"WebSite\",\"@id\":\"https:\\\/\\\/pcdobra.cz\\\/#website\",\"url\":\"https:\\\/\\\/pcdobra.cz\\\/\",\"name\":\"Servis po\u010d\u00edta\u010d\u016f a notebook\u016f\",\"description\":\"Ing. Radim B\u00fcrger\",\"publisher\":{\"@id\":\"https:\\\/\\\/pcdobra.cz\\\/#\\\/schema\\\/person\\\/7238c0a9b66c801a9211e312dfc0f87d\"},\"alternateName\":\"Oprava po\u010d\u00edta\u010d\u016f\",\"potentialAction\":[{\"@type\":\"SearchAction\",\"target\":{\"@type\":\"EntryPoint\",\"urlTemplate\":\"https:\\\/\\\/pcdobra.cz\\\/?s={search_term_string}\"},\"query-input\":{\"@type\":\"PropertyValueSpecification\",\"valueRequired\":true,\"valueName\":\"search_term_string\"}}],\"inLanguage\":\"cs\"},{\"@type\":[\"Person\",\"Organization\"],\"@id\":\"https:\\\/\\\/pcdobra.cz\\\/#\\\/schema\\\/person\\\/7238c0a9b66c801a9211e312dfc0f87d\",\"name\":\"Radim B\u00fcrger\",\"image\":{\"@type\":\"ImageObject\",\"inLanguage\":\"cs\",\"@id\":\"https:\\\/\\\/pcdobra.cz\\\/wp-content\\\/uploads\\\/2024\\\/01\\\/web_logo2.png\",\"url\":\"https:\\\/\\\/pcdobra.cz\\\/wp-content\\\/uploads\\\/2024\\\/01\\\/web_logo2.png\",\"contentUrl\":\"https:\\\/\\\/pcdobra.cz\\\/wp-content\\\/uploads\\\/2024\\\/01\\\/web_logo2.png\",\"width\":292,\"height\":56,\"caption\":\"Radim B\u00fcrger\"},\"logo\":{\"@id\":\"https:\\\/\\\/pcdobra.cz\\\/wp-content\\\/uploads\\\/2024\\\/01\\\/web_logo2.png\"},\"sameAs\":[\"https:\\\/\\\/pcdobra.cz\"],\"publishingPrinciples\":\"https:\\\/\\\/pcdobra.cz\\\/\",\"ownershipFundingInfo\":\"https:\\\/\\\/pcdobra.cz\\\/index.php\\\/cenik-sluzeb\\\/\",\"actionableFeedbackPolicy\":\"https:\\\/\\\/pcdobra.cz\\\/index.php\\\/kontakt\\\/\"}]}<\/script>\n<!-- \/ Yoast SEO Premium plugin. -->","yoast_head_json":{"title":"Servis po\u010d\u00edta\u010d\u016f | Servis po\u010d\u00edta\u010d\u016f a notebook\u016f","robots":{"index":"index","follow":"follow","max-snippet":"max-snippet:-1","max-image-preview":"max-image-preview:large","max-video-preview":"max-video-preview:-1"},"canonical":"https:\/\/pcdobra.cz\/index.php\/servis-pocitacu\/","og_locale":"cs_CZ","og_type":"article","og_title":"Servis po\u010d\u00edta\u010d\u016f","og_description":"Nefunguje v\u00e1m po\u010d\u00edta\u010d spr\u00e1vn\u011b? S na\u0161\u00ed diagnostikou a opravou vr\u00e1t\u00edme V\u00e1\u0161 PC do kondice. V\u00edme, \u017ee modern\u00ed digit\u00e1ln\u00ed sv\u011bt m\u016f\u017ee b\u00fdt n\u011bkdy zr\u00e1dn\u00fd a pln\u00fd technick\u00fdch v\u00fdzev. Ale na\u0161t\u011bst\u00ed tady ...","og_url":"https:\/\/pcdobra.cz\/index.php\/servis-pocitacu\/","og_site_name":"Servis po\u010d\u00edta\u010d\u016f a notebook\u016f","article_modified_time":"2023-11-30T04:53:03+00:00","twitter_card":"summary_large_image","twitter_misc":{"Odhadovan\u00e1 doba \u010dten\u00ed":"2 minuty"},"schema":{"@context":"https:\/\/schema.org","@graph":[{"@type":"WebPage","@id":"https:\/\/pcdobra.cz\/index.php\/servis-pocitacu\/","url":"https:\/\/pcdobra.cz\/index.php\/servis-pocitacu\/","name":"Servis po\u010d\u00edta\u010d\u016f | Servis po\u010d\u00edta\u010d\u016f a notebook\u016f","isPartOf":{"@id":"https:\/\/pcdobra.cz\/#website"},"datePublished":"2023-11-25T18:04:59+00:00","dateModified":"2023-11-30T04:53:03+00:00","breadcrumb":{"@id":"https:\/\/pcdobra.cz\/index.php\/servis-pocitacu\/#breadcrumb"},"inLanguage":"cs","potentialAction":[{"@type":"ReadAction","target":["https:\/\/pcdobra.cz\/index.php\/servis-pocitacu\/"]}]},{"@type":"BreadcrumbList","@id":"https:\/\/pcdobra.cz\/index.php\/servis-pocitacu\/#breadcrumb","itemListElement":[{"@type":"ListItem","position":1,"name":"Dom\u016f","item":"https:\/\/pcdobra.cz\/"},{"@type":"ListItem","position":2,"name":"Servis po\u010d\u00edta\u010d\u016f"}]},{"@type":"WebSite","@id":"https:\/\/pcdobra.cz\/#website","url":"https:\/\/pcdobra.cz\/","name":"Servis po\u010d\u00edta\u010d\u016f a notebook\u016f","description":"Ing. Radim B\u00fcrger","publisher":{"@id":"https:\/\/pcdobra.cz\/#\/schema\/person\/7238c0a9b66c801a9211e312dfc0f87d"},"alternateName":"Oprava po\u010d\u00edta\u010d\u016f","potentialAction":[{"@type":"SearchAction","target":{"@type":"EntryPoint","urlTemplate":"https:\/\/pcdobra.cz\/?s={search_term_string}"},"query-input":{"@type":"PropertyValueSpecification","valueRequired":true,"valueName":"search_term_string"}}],"inLanguage":"cs"},{"@type":["Person","Organization"],"@id":"https:\/\/pcdobra.cz\/#\/schema\/person\/7238c0a9b66c801a9211e312dfc0f87d","name":"Radim B\u00fcrger","image":{"@type":"ImageObject","inLanguage":"cs","@id":"https:\/\/pcdobra.cz\/wp-content\/uploads\/2024\/01\/web_logo2.png","url":"https:\/\/pcdobra.cz\/wp-content\/uploads\/2024\/01\/web_logo2.png","contentUrl":"https:\/\/pcdobra.cz\/wp-content\/uploads\/2024\/01\/web_logo2.png","width":292,"height":56,"caption":"Radim B\u00fcrger"},"logo":{"@id":"https:\/\/pcdobra.cz\/wp-content\/uploads\/2024\/01\/web_logo2.png"},"sameAs":["https:\/\/pcdobra.cz"],"publishingPrinciples":"https:\/\/pcdobra.cz\/","ownershipFundingInfo":"https:\/\/pcdobra.cz\/index.php\/cenik-sluzeb\/","actionableFeedbackPolicy":"https:\/\/pcdobra.cz\/index.php\/kontakt\/"}]}},"_links":{"self":[{"href":"https:\/\/pcdobra.cz\/index.php\/wp-json\/wp\/v2\/pages\/308","targetHints":{"allow":["GET"]}}],"collection":[{"href":"https:\/\/pcdobra.cz\/index.php\/wp-json\/wp\/v2\/pages"}],"about":[{"href":"https:\/\/pcdobra.cz\/index.php\/wp-json\/wp\/v2\/types\/page"}],"author":[{"embeddable":true,"href":"https:\/\/pcdobra.cz\/index.php\/wp-json\/wp\/v2\/users\/1"}],"replies":[{"embeddable":true,"href":"https:\/\/pcdobra.cz\/index.php\/wp-json\/wp\/v2\/comments?post=308"}],"version-history":[{"count":62,"href":"https:\/\/pcdobra.cz\/index.php\/wp-json\/wp\/v2\/pages\/308\/revisions"}],"predecessor-version":[{"id":590,"href":"https:\/\/pcdobra.cz\/index.php\/wp-json\/wp\/v2\/pages\/308\/revisions\/590"}],"wp:attachment":[{"href":"https:\/\/pcdobra.cz\/index.php\/wp-json\/wp\/v2\/media?parent=308"}],"curies":[{"name":"wp","href":"https:\/\/api.w.org\/{rel}","templated":true}]}}