{"id":403,"date":"2023-11-26T12:01:50","date_gmt":"2023-11-26T11:01:50","guid":{"rendered":"https:\/\/pcdobra.cz\/?page_id=403"},"modified":"2023-11-30T06:07:48","modified_gmt":"2023-11-30T05:07:48","slug":"kontakt_hlstr","status":"publish","type":"page","link":"https:\/\/pcdobra.cz\/index.php\/kontakt_hlstr\/","title":{"rendered":"kontakt_hlstr"},"content":{"rendered":"\t\t<div data-elementor-type=\"wp-page\" data-elementor-id=\"403\" class=\"elementor elementor-403\">\n\t\t\t\t<div class=\"elementor-element elementor-element-8e939c6 e-flex e-con-boxed e-con e-parent\" data-id=\"8e939c6\" data-element_type=\"container\" data-e-type=\"container\">\n\t\t\t\t\t<div class=\"e-con-inner\">\n\t\t\t\t<div class=\"elementor-element elementor-element-7d063f4 elementor-widget elementor-widget-spacer\" data-id=\"7d063f4\" data-element_type=\"widget\" data-e-type=\"widget\" data-widget_type=\"spacer.default\">\n\t\t\t\t<div class=\"elementor-widget-container\">\n\t\t\t\t\t\t\t<div class=\"elementor-spacer\">\n\t\t\t<div class=\"elementor-spacer-inner\"><\/div>\n\t\t<\/div>\n\t\t\t\t\t\t<\/div>\n\t\t\t\t<\/div>\n\t\t\t\t\t<\/div>\n\t\t\t\t<\/div>\n\t\t<div class=\"elementor-element elementor-element-9b1f9ed e-con-full e-flex e-con e-parent\" data-id=\"9b1f9ed\" data-element_type=\"container\" data-e-type=\"container\">\n\t\t\t\t<div class=\"elementor-element elementor-element-37055cf elementor-widget elementor-widget-google_maps\" data-id=\"37055cf\" data-element_type=\"widget\" data-e-type=\"widget\" data-widget_type=\"google_maps.default\">\n\t\t\t\t<div class=\"elementor-widget-container\">\n\t\t\t\t\t\t\t<div class=\"elementor-custom-embed\">\n\t\t\t<iframe loading=\"lazy\"\n\t\t\t\t\tsrc=\"https:\/\/www.google.com\/maps\/embed\/v1\/place?key=AIzaSyAn3BkCdOC0qAyC8mgRSbavUzqZJI0p-Fk&#038;q=Dobr%C3%A1%20156&#038;zoom=15\"\n\t\t\t\t\ttitle=\"Dobr\u00e1 156\"\n\t\t\t\t\taria-label=\"Dobr\u00e1 156\"\n\t\t\t><\/iframe>\n\t\t<\/div>\n\t\t\t\t\t\t<\/div>\n\t\t\t\t<\/div>\n\t\t\t\t<\/div>\n\t\t\t\t<\/div>\n\t\t","protected":false},"excerpt":{"rendered":"","protected":false},"author":1,"featured_media":0,"parent":0,"menu_order":0,"comment_status":"closed","ping_status":"closed","template":"elementor_header_footer","meta":{"footnotes":""},"class_list":["post-403","page","type-page","status-publish","hentry"],"yoast_head":"<!-- This site is optimized with the Yoast SEO Premium plugin v21.6 (Yoast SEO v27.1.1) - https:\/\/yoast.com\/product\/yoast-seo-premium-wordpress\/ -->\n<title>kontakt_hlstr | Servis po\u010d\u00edta\u010d\u016f a notebook\u016f<\/title>\n<meta name=\"robots\" content=\"index, follow, max-snippet:-1, max-image-preview:large, max-video-preview:-1\" \/>\n<link rel=\"canonical\" href=\"https:\/\/pcdobra.cz\/index.php\/kontakt_hlstr\/\" \/>\n<meta property=\"og:locale\" content=\"cs_CZ\" \/>\n<meta property=\"og:type\" content=\"article\" \/>\n<meta property=\"og:title\" content=\"kontakt_hlstr\" \/>\n<meta property=\"og:url\" content=\"https:\/\/pcdobra.cz\/index.php\/kontakt_hlstr\/\" \/>\n<meta property=\"og:site_name\" content=\"Servis po\u010d\u00edta\u010d\u016f a notebook\u016f\" \/>\n<meta property=\"article:modified_time\" content=\"2023-11-30T05:07:48+00:00\" \/>\n<meta name=\"twitter:card\" content=\"summary_large_image\" \/>\n<script type=\"application\/ld+json\" class=\"yoast-schema-graph\">{\"@context\":\"https:\/\/schema.org\",\"@graph\":[{\"@type\":[\"WebPage\",\"AboutPage\"],\"@id\":\"https:\/\/pcdobra.cz\/index.php\/kontakt_hlstr\/\",\"url\":\"https:\/\/pcdobra.cz\/index.php\/kontakt_hlstr\/\",\"name\":\"kontakt_hlstr | Servis po\u010d\u00edta\u010d\u016f a notebook\u016f\",\"isPartOf\":{\"@id\":\"https:\/\/pcdobra.cz\/#website\"},\"datePublished\":\"2023-11-26T11:01:50+00:00\",\"dateModified\":\"2023-11-30T05:07:48+00:00\",\"breadcrumb\":{\"@id\":\"https:\/\/pcdobra.cz\/index.php\/kontakt_hlstr\/#breadcrumb\"},\"inLanguage\":\"cs\",\"potentialAction\":[{\"@type\":\"ReadAction\",\"target\":[\"https:\/\/pcdobra.cz\/index.php\/kontakt_hlstr\/\"]}]},{\"@type\":\"BreadcrumbList\",\"@id\":\"https:\/\/pcdobra.cz\/index.php\/kontakt_hlstr\/#breadcrumb\",\"itemListElement\":[{\"@type\":\"ListItem\",\"position\":1,\"name\":\"Dom\u016f\",\"item\":\"https:\/\/pcdobra.cz\/\"},{\"@type\":\"ListItem\",\"position\":2,\"name\":\"kontakt_hlstr\"}]},{\"@type\":\"WebSite\",\"@id\":\"https:\/\/pcdobra.cz\/#website\",\"url\":\"https:\/\/pcdobra.cz\/\",\"name\":\"Servis po\u010d\u00edta\u010d\u016f a notebook\u016f\",\"description\":\"Ing. Radim B\u00fcrger\",\"publisher\":{\"@id\":\"https:\/\/pcdobra.cz\/#\/schema\/person\/7238c0a9b66c801a9211e312dfc0f87d\"},\"alternateName\":\"Oprava po\u010d\u00edta\u010d\u016f\",\"potentialAction\":[{\"@type\":\"SearchAction\",\"target\":{\"@type\":\"EntryPoint\",\"urlTemplate\":\"https:\/\/pcdobra.cz\/?s={search_term_string}\"},\"query-input\":{\"@type\":\"PropertyValueSpecification\",\"valueRequired\":true,\"valueName\":\"search_term_string\"}}],\"inLanguage\":\"cs\"},{\"@type\":[\"Person\",\"Organization\"],\"@id\":\"https:\/\/pcdobra.cz\/#\/schema\/person\/7238c0a9b66c801a9211e312dfc0f87d\",\"name\":\"Radim B\u00fcrger\",\"image\":{\"@type\":\"ImageObject\",\"inLanguage\":\"cs\",\"@id\":\"https:\/\/pcdobra.cz\/#\/schema\/person\/image\/\",\"url\":\"https:\/\/pcdobra.cz\/wp-content\/uploads\/2024\/01\/web_logo2.png\",\"contentUrl\":\"https:\/\/pcdobra.cz\/wp-content\/uploads\/2024\/01\/web_logo2.png\",\"width\":292,\"height\":56,\"caption\":\"Radim B\u00fcrger\"},\"logo\":{\"@id\":\"https:\/\/pcdobra.cz\/#\/schema\/person\/image\/\"},\"sameAs\":[\"https:\/\/pcdobra.cz\"],\"publishingPrinciples\":\"https:\/\/pcdobra.cz\/\",\"ownershipFundingInfo\":\"https:\/\/pcdobra.cz\/index.php\/cenik-sluzeb\/\",\"actionableFeedbackPolicy\":\"https:\/\/pcdobra.cz\/index.php\/kontakt\/\"}]}<\/script>\n<!-- \/ Yoast SEO Premium plugin. -->","yoast_head_json":{"title":"kontakt_hlstr | Servis po\u010d\u00edta\u010d\u016f a notebook\u016f","robots":{"index":"index","follow":"follow","max-snippet":"max-snippet:-1","max-image-preview":"max-image-preview:large","max-video-preview":"max-video-preview:-1"},"canonical":"https:\/\/pcdobra.cz\/index.php\/kontakt_hlstr\/","og_locale":"cs_CZ","og_type":"article","og_title":"kontakt_hlstr","og_url":"https:\/\/pcdobra.cz\/index.php\/kontakt_hlstr\/","og_site_name":"Servis po\u010d\u00edta\u010d\u016f a notebook\u016f","article_modified_time":"2023-11-30T05:07:48+00:00","twitter_card":"summary_large_image","schema":{"@context":"https:\/\/schema.org","@graph":[{"@type":["WebPage","AboutPage"],"@id":"https:\/\/pcdobra.cz\/index.php\/kontakt_hlstr\/","url":"https:\/\/pcdobra.cz\/index.php\/kontakt_hlstr\/","name":"kontakt_hlstr | Servis po\u010d\u00edta\u010d\u016f a notebook\u016f","isPartOf":{"@id":"https:\/\/pcdobra.cz\/#website"},"datePublished":"2023-11-26T11:01:50+00:00","dateModified":"2023-11-30T05:07:48+00:00","breadcrumb":{"@id":"https:\/\/pcdobra.cz\/index.php\/kontakt_hlstr\/#breadcrumb"},"inLanguage":"cs","potentialAction":[{"@type":"ReadAction","target":["https:\/\/pcdobra.cz\/index.php\/kontakt_hlstr\/"]}]},{"@type":"BreadcrumbList","@id":"https:\/\/pcdobra.cz\/index.php\/kontakt_hlstr\/#breadcrumb","itemListElement":[{"@type":"ListItem","position":1,"name":"Dom\u016f","item":"https:\/\/pcdobra.cz\/"},{"@type":"ListItem","position":2,"name":"kontakt_hlstr"}]},{"@type":"WebSite","@id":"https:\/\/pcdobra.cz\/#website","url":"https:\/\/pcdobra.cz\/","name":"Servis po\u010d\u00edta\u010d\u016f a notebook\u016f","description":"Ing. Radim B\u00fcrger","publisher":{"@id":"https:\/\/pcdobra.cz\/#\/schema\/person\/7238c0a9b66c801a9211e312dfc0f87d"},"alternateName":"Oprava po\u010d\u00edta\u010d\u016f","potentialAction":[{"@type":"SearchAction","target":{"@type":"EntryPoint","urlTemplate":"https:\/\/pcdobra.cz\/?s={search_term_string}"},"query-input":{"@type":"PropertyValueSpecification","valueRequired":true,"valueName":"search_term_string"}}],"inLanguage":"cs"},{"@type":["Person","Organization"],"@id":"https:\/\/pcdobra.cz\/#\/schema\/person\/7238c0a9b66c801a9211e312dfc0f87d","name":"Radim B\u00fcrger","image":{"@type":"ImageObject","inLanguage":"cs","@id":"https:\/\/pcdobra.cz\/#\/schema\/person\/image\/","url":"https:\/\/pcdobra.cz\/wp-content\/uploads\/2024\/01\/web_logo2.png","contentUrl":"https:\/\/pcdobra.cz\/wp-content\/uploads\/2024\/01\/web_logo2.png","width":292,"height":56,"caption":"Radim B\u00fcrger"},"logo":{"@id":"https:\/\/pcdobra.cz\/#\/schema\/person\/image\/"},"sameAs":["https:\/\/pcdobra.cz"],"publishingPrinciples":"https:\/\/pcdobra.cz\/","ownershipFundingInfo":"https:\/\/pcdobra.cz\/index.php\/cenik-sluzeb\/","actionableFeedbackPolicy":"https:\/\/pcdobra.cz\/index.php\/kontakt\/"}]}},"_links":{"self":[{"href":"https:\/\/pcdobra.cz\/index.php\/wp-json\/wp\/v2\/pages\/403","targetHints":{"allow":["GET"]}}],"collection":[{"href":"https:\/\/pcdobra.cz\/index.php\/wp-json\/wp\/v2\/pages"}],"about":[{"href":"https:\/\/pcdobra.cz\/index.php\/wp-json\/wp\/v2\/types\/page"}],"author":[{"embeddable":true,"href":"https:\/\/pcdobra.cz\/index.php\/wp-json\/wp\/v2\/users\/1"}],"replies":[{"embeddable":true,"href":"https:\/\/pcdobra.cz\/index.php\/wp-json\/wp\/v2\/comments?post=403"}],"version-history":[{"count":34,"href":"https:\/\/pcdobra.cz\/index.php\/wp-json\/wp\/v2\/pages\/403\/revisions"}],"predecessor-version":[{"id":608,"href":"https:\/\/pcdobra.cz\/index.php\/wp-json\/wp\/v2\/pages\/403\/revisions\/608"}],"wp:attachment":[{"href":"https:\/\/pcdobra.cz\/index.php\/wp-json\/wp\/v2\/media?parent=403"}],"curies":[{"name":"wp","href":"https:\/\/api.w.org\/{rel}","templated":true}]}}