{"id":530,"date":"2023-11-27T18:46:42","date_gmt":"2023-11-27T17:46:42","guid":{"rendered":"https:\/\/pcdobra.cz\/?page_id=530"},"modified":"2026-01-30T11:50:50","modified_gmt":"2026-01-30T10:50:50","slug":"cenik-sluzeb","status":"publish","type":"page","link":"https:\/\/pcdobra.cz\/index.php\/cenik-sluzeb\/","title":{"rendered":"Cen\u00edk slu\u017eeb"},"content":{"rendered":"\t\t<div data-elementor-type=\"wp-page\" data-elementor-id=\"530\" class=\"elementor elementor-530\">\n\t\t\t\t<div class=\"elementor-element elementor-element-239cc90 e-con-full e-flex e-con e-parent\" data-id=\"239cc90\" data-element_type=\"container\" data-e-type=\"container\" data-settings=\"{&quot;background_background&quot;:&quot;classic&quot;}\">\n\t\t<div class=\"elementor-element elementor-element-23afd5c e-flex e-con-boxed e-con e-child\" data-id=\"23afd5c\" data-element_type=\"container\" data-e-type=\"container\">\n\t\t\t\t\t<div class=\"e-con-inner\">\n\t\t\t\t<div class=\"elementor-element elementor-element-55ea56a elementor-widget elementor-widget-heading\" data-id=\"55ea56a\" data-element_type=\"widget\" data-e-type=\"widget\" data-widget_type=\"heading.default\">\n\t\t\t\t<div class=\"elementor-widget-container\">\n\t\t\t\t\t<h1 class=\"elementor-heading-title elementor-size-xxl\">Cen\u00edk slu\u017eeb<\/h1>\t\t\t\t<\/div>\n\t\t\t\t<\/div>\n\t\t\t\t<div class=\"elementor-element elementor-element-c269cf6 elementor-hidden-mobile elementor-widget elementor-widget-heading\" data-id=\"c269cf6\" data-element_type=\"widget\" data-e-type=\"widget\" data-widget_type=\"heading.default\">\n\t\t\t\t<div class=\"elementor-widget-container\">\n\t\t\t\t\t<h3 class=\"elementor-heading-title elementor-size-large\">Tabulka z\u00e1kladn\u00edch slu\u017eeb s cenou.<\/h3>\t\t\t\t<\/div>\n\t\t\t\t<\/div>\n\t\t\t\t\t<\/div>\n\t\t\t\t<\/div>\n\t\t\t\t<\/div>\n\t\t<div class=\"elementor-element elementor-element-b0b7189 e-flex e-con-boxed e-con e-parent\" data-id=\"b0b7189\" data-element_type=\"container\" data-e-type=\"container\">\n\t\t\t\t\t<div class=\"e-con-inner\">\n\t\t\t\t<div class=\"elementor-element elementor-element-874bcf4 elementor-widget elementor-widget-text-editor\" data-id=\"874bcf4\" data-element_type=\"widget\" data-e-type=\"widget\" data-widget_type=\"text-editor.default\">\n\t\t\t\t<div class=\"elementor-widget-container\">\n\t\t\t\t\t\t\t\t\t<p><em>Jsme hrd\u00ed na to, \u017ee m\u016f\u017eeme nab\u00eddnout \u0161irokou \u0161k\u00e1lu profesion\u00e1ln\u00edch a kvalitn\u00edch slu\u017eeb, kter\u00e9 odpov\u00eddaj\u00ed va\u0161im individu\u00e1ln\u00edm pot\u0159eb\u00e1m. Na\u0161e transparentn\u00ed cenov\u00e1 politika v\u00e1m poskytuje jasn\u00fd p\u0159ehled n\u00e1klad\u016f, a\u0165 u\u017e jde o b\u011b\u017enou diagnostiku, instalaci nov\u00e9ho za\u0159\u00edzen\u00ed nebo jak\u00fdkoli jin\u00fd \u00fakon.<\/em><\/p>\t\t\t\t\t\t\t\t<\/div>\n\t\t\t\t<\/div>\n\t\t\t\t\t<\/div>\n\t\t\t\t<\/div>\n\t\t<div class=\"elementor-element elementor-element-98b376a e-flex e-con-boxed e-con e-parent\" data-id=\"98b376a\" data-element_type=\"container\" data-e-type=\"container\">\n\t\t\t\t\t<div class=\"e-con-inner\">\n\t\t\t\t<div class=\"elementor-element elementor-element-70bdb54 elementor-widget elementor-widget-heading\" data-id=\"70bdb54\" data-element_type=\"widget\" data-e-type=\"widget\" data-widget_type=\"heading.default\">\n\t\t\t\t<div class=\"elementor-widget-container\">\n\t\t\t\t\t<h2 class=\"elementor-heading-title elementor-size-default\">Z\u00e1kladn\u00ed slu\u017eby<\/h2>\t\t\t\t<\/div>\n\t\t\t\t<\/div>\n\t\t\t\t\t<\/div>\n\t\t\t\t<\/div>\n\t\t<div class=\"elementor-element elementor-element-b0c3470 e-flex e-con-boxed e-con e-parent\" data-id=\"b0c3470\" data-element_type=\"container\" data-e-type=\"container\" data-settings=\"{&quot;background_background&quot;:&quot;classic&quot;}\">\n\t\t\t\t\t<div class=\"e-con-inner\">\n\t\t\t\t<div class=\"elementor-element elementor-element-06fe9ce elementor-widget__width-initial elementor-widget elementor-widget-elementskit-tablepress\" data-id=\"06fe9ce\" data-element_type=\"widget\" data-e-type=\"widget\" data-widget_type=\"elementskit-tablepress.default\">\n\t\t\t\t<div class=\"elementor-widget-container\">\n\t\t\t\t\t<div class=\"elemenetskit-tablepress ekit-wid-con\" id=\"ekit_tablepress_06fe9ce\">\n<table id=\"tablepress-1\" class=\"tablepress tablepress-id-1\">\n<tbody class=\"row-striping row-hover\">\n<tr class=\"row-1\">\n\t<td class=\"column-1\">Diagnostika po\u010d\u00edta\u010de nebo notebooku<\/td><td class=\"column-2\">300 K\u010d<\/td>\n<\/tr>\n<tr class=\"row-2\">\n\t<td class=\"column-1\">P\u0159\u00edprava nov\u00e9ho za\u0159\u00edzen\u00ed k\u00a0pou\u017e\u00edv\u00e1n\u00ed, z\u00e1kladn\u00ed nastaven\u00ed, instalace<\/td><td class=\"column-2\">200 K\u010d<\/td>\n<\/tr>\n<tr class=\"row-3\">\n\t<td class=\"column-1\">\u010ci\u0161t\u011bn\u00ed hardwaru po\u010d\u00edta\u010de (Profylaxe, \u010di\u0161t\u011bn\u00ed od prachu, \u2026)<\/td><td class=\"column-2\">od 250 K\u010d<\/td>\n<\/tr>\n<tr class=\"row-4\">\n\t<td class=\"column-1\">Vzd\u00e1len\u00e1 pr\u00e1ce pomoc\u00ed RDP, TeamViewer\/hodina<\/td><td class=\"column-2\">300 K\u010d<\/td>\n<\/tr>\n<tr class=\"row-5\">\n\t<td class=\"column-1\">Odvirov\u00e1n\u00ed PC, odstran\u011bn\u00ed spyware\/hodina<\/td><td class=\"column-2\">400 K\u010d<\/td>\n<\/tr>\n<tr class=\"row-6\">\n\t<td class=\"column-1\">Softwarov\u00e9 \u010di\u0161t\u011bn\u00ed (vy\u010di\u0161t\u011bn\u00ed Va\u0161eho po\u010d\u00edta\u010de od ne\u017e\u00e1douc\u00edch program\u016f)<\/td><td class=\"column-2\">od 300 K\u010d<\/td>\n<\/tr>\n<tr class=\"row-7\">\n\t<td class=\"column-1\">Instalace OS Windows, Linux (bez zachov\u00e1n\u00ed p\u016fvodn\u00edch dat) \/kus<\/td><td class=\"column-2\">500 K\u010d<\/td>\n<\/tr>\n<tr class=\"row-8\">\n\t<td class=\"column-1\">Instalace OS Windows, Linux (se zachov\u00e1n\u00edm p\u016fvodn\u00edch dat) \/kus<\/td><td class=\"column-2\">700 K\u010d<\/td>\n<\/tr>\n<tr class=\"row-9\">\n\t<td class=\"column-1\">Instalace dal\u0161\u00edch program\u016f dle licence z\u00e1kazn\u00edka\/hod<\/td><td class=\"column-2\">200 K\u010d<\/td>\n<\/tr>\n<tr class=\"row-10\">\n\t<td class=\"column-1\">Aktualizace Syst\u00e9mu, programu\/hodina<\/td><td class=\"column-2\">200 K\u010d<\/td>\n<\/tr>\n<tr class=\"row-11\">\n\t<td class=\"column-1\">Instalace OS Windows Server, v\u010d. nasazen\u00ed\/hodina<\/td><td class=\"column-2\">500 K\u010d<\/td>\n<\/tr>\n<tr class=\"row-12\">\n\t<td class=\"column-1\">Kop\u00edrov\u00e1n\u00ed dat z p\u016fvodn\u00edho za\u0159\u00edzen\u00ed do nov\u00e9ho nebo na extern\u00ed \u00falo\u017ei\u0161t\u011b<\/td><td class=\"column-2\">od 300 K\u010d<\/td>\n<\/tr>\n<tr class=\"row-13\">\n\t<td class=\"column-1\">Spr\u00e1va po\u010d\u00edta\u010dov\u00e9 s\u00edt\u011b<\/td><td class=\"column-2\">dohodou<\/td>\n<\/tr>\n<\/tbody>\n<\/table>\n<\/div>\t\t\t\t<\/div>\n\t\t\t\t<\/div>\n\t\t\t\t\t<\/div>\n\t\t\t\t<\/div>\n\t\t<div class=\"elementor-element elementor-element-05003d6 e-flex e-con-boxed e-con e-parent\" data-id=\"05003d6\" data-element_type=\"container\" data-e-type=\"container\">\n\t\t\t\t\t<div class=\"e-con-inner\">\n\t\t\t\t<div class=\"elementor-element elementor-element-7b349d0 elementor-widget elementor-widget-heading\" data-id=\"7b349d0\" data-element_type=\"widget\" data-e-type=\"widget\" data-widget_type=\"heading.default\">\n\t\t\t\t<div class=\"elementor-widget-container\">\n\t\t\t\t\t<h2 class=\"elementor-heading-title elementor-size-default\">Pr\u00e1ce s Hardwarem<\/h2>\t\t\t\t<\/div>\n\t\t\t\t<\/div>\n\t\t\t\t\t<\/div>\n\t\t\t\t<\/div>\n\t\t<div class=\"elementor-element elementor-element-916fe2b e-flex e-con-boxed e-con e-parent\" data-id=\"916fe2b\" data-element_type=\"container\" data-e-type=\"container\" data-settings=\"{&quot;background_background&quot;:&quot;classic&quot;}\">\n\t\t\t\t\t<div class=\"e-con-inner\">\n\t\t\t\t<div class=\"elementor-element elementor-element-f282cc5 elementor-widget__width-initial elementor-widget elementor-widget-elementskit-tablepress\" data-id=\"f282cc5\" data-element_type=\"widget\" data-e-type=\"widget\" data-widget_type=\"elementskit-tablepress.default\">\n\t\t\t\t<div class=\"elementor-widget-container\">\n\t\t\t\t\t<div class=\"elemenetskit-tablepress ekit-wid-con\" id=\"ekit_tablepress_f282cc5\">\n<table id=\"tablepress-2\" class=\"tablepress tablepress-id-2\">\n<tbody class=\"row-striping row-hover\">\n<tr class=\"row-1\">\n\t<td class=\"column-1\">V\u00fdm\u011bna LCD displeje na NTB (v cen\u011b nen\u00ed LCD panel)<\/td><td class=\"column-2\">od 500 K\u010d<\/td>\n<\/tr>\n<tr class=\"row-2\">\n\t<td class=\"column-1\">V\u00fdm\u011bna HDD za rychlej\u0161\u00ed SSD, klonov\u00e1n\u00ed syst\u00e9mu na nov\u00fd disk<\/td><td class=\"column-2\">600 K\u010d<\/td>\n<\/tr>\n<tr class=\"row-3\">\n\t<td class=\"column-1\">V\u00fdm\u011bna komponent\u016f v\u00a0po\u010d\u00edta\u010di<\/td><td class=\"column-2\">300 K\u010d<\/td>\n<\/tr>\n<tr class=\"row-4\">\n\t<td class=\"column-1\">V\u00fdm\u011bna komponent\u016f v\u00a0notebooku<\/td><td class=\"column-2\">400 K\u010d<\/td>\n<\/tr>\n<tr class=\"row-5\">\n\t<td class=\"column-1\">Proh\u0159\u00e1t\u00ed grafick\u00e9ho \u010dipu<\/td><td class=\"column-2\">700 K\u010d<\/td>\n<\/tr>\n<\/tbody>\n<\/table>\n<\/div>\t\t\t\t<\/div>\n\t\t\t\t<\/div>\n\t\t\t\t\t<\/div>\n\t\t\t\t<\/div>\n\t\t<div class=\"elementor-element elementor-element-7c45254 e-flex e-con-boxed e-con e-parent\" data-id=\"7c45254\" data-element_type=\"container\" data-e-type=\"container\">\n\t\t\t\t\t<div class=\"e-con-inner\">\n\t\t\t\t<div class=\"elementor-element elementor-element-89d68bc elementor-widget elementor-widget-heading\" data-id=\"89d68bc\" data-element_type=\"widget\" data-e-type=\"widget\" data-widget_type=\"heading.default\">\n\t\t\t\t<div class=\"elementor-widget-container\">\n\t\t\t\t\t<h2 class=\"elementor-heading-title elementor-size-default\">Pr\u00e1ce s Disky<\/h2>\t\t\t\t<\/div>\n\t\t\t\t<\/div>\n\t\t\t\t\t<\/div>\n\t\t\t\t<\/div>\n\t\t<div class=\"elementor-element elementor-element-40bcd42 e-flex e-con-boxed e-con e-parent\" data-id=\"40bcd42\" data-element_type=\"container\" data-e-type=\"container\" data-settings=\"{&quot;background_background&quot;:&quot;classic&quot;}\">\n\t\t\t\t\t<div class=\"e-con-inner\">\n\t\t\t\t<div class=\"elementor-element elementor-element-b12982f elementor-widget__width-initial elementor-widget elementor-widget-elementskit-tablepress\" data-id=\"b12982f\" data-element_type=\"widget\" data-e-type=\"widget\" data-widget_type=\"elementskit-tablepress.default\">\n\t\t\t\t<div class=\"elementor-widget-container\">\n\t\t\t\t\t<div class=\"elemenetskit-tablepress ekit-wid-con\" id=\"ekit_tablepress_b12982f\">\n<table id=\"tablepress-3\" class=\"tablepress tablepress-id-3\">\n<tbody class=\"row-striping row-hover\">\n<tr class=\"row-1\">\n\t<td class=\"column-1\">Diagnostika po\u0161kozen\u00e9ho m\u00e9dia HDD, SSD<\/td><td class=\"column-2\">200 K\u010d<\/td>\n<\/tr>\n<tr class=\"row-2\">\n\t<td class=\"column-1\">Z\u00e1chrana dat z\u00a0lehce po\u0161kozen\u00e9ho m\u00e9dia HDD\/kus<\/td><td class=\"column-2\">od 300 K\u010d<\/td>\n<\/tr>\n<tr class=\"row-3\">\n\t<td class=\"column-1\">Z\u00e1chrana dat omylem smazan\u00fdch, p\u0159eform\u00e1tovan\u00fdch disk\u016f\/hodina<\/td><td class=\"column-2\">200 K\u010d<\/td>\n<\/tr>\n<tr class=\"row-4\">\n\t<td class=\"column-1\">Vytvo\u0159en\u00ed obrazov\u00e9 kopie disku\/kus<\/td><td class=\"column-2\">300 K\u010d<\/td>\n<\/tr>\n<\/tbody>\n<\/table>\n<\/div>\t\t\t\t<\/div>\n\t\t\t\t<\/div>\n\t\t\t\t\t<\/div>\n\t\t\t\t<\/div>\n\t\t<div class=\"elementor-element elementor-element-9813dfc e-flex e-con-boxed e-con e-parent\" data-id=\"9813dfc\" data-element_type=\"container\" data-e-type=\"container\">\n\t\t\t\t\t<div class=\"e-con-inner\">\n\t\t\t\t<div class=\"elementor-element elementor-element-8c8d1c5 elementor-widget elementor-widget-heading\" data-id=\"8c8d1c5\" data-element_type=\"widget\" data-e-type=\"widget\" data-widget_type=\"heading.default\">\n\t\t\t\t<div class=\"elementor-widget-container\">\n\t\t\t\t\t<h2 class=\"elementor-heading-title elementor-size-default\">Dal\u0161\u00ed slu\u017eby<\/h2>\t\t\t\t<\/div>\n\t\t\t\t<\/div>\n\t\t\t\t\t<\/div>\n\t\t\t\t<\/div>\n\t\t<div class=\"elementor-element elementor-element-a87f6dd e-flex e-con-boxed e-con e-parent\" data-id=\"a87f6dd\" data-element_type=\"container\" data-e-type=\"container\" data-settings=\"{&quot;background_background&quot;:&quot;classic&quot;}\">\n\t\t\t\t\t<div class=\"e-con-inner\">\n\t\t\t\t<div class=\"elementor-element elementor-element-9b694fa elementor-widget__width-initial elementor-widget elementor-widget-elementskit-tablepress\" data-id=\"9b694fa\" data-element_type=\"widget\" data-e-type=\"widget\" data-widget_type=\"elementskit-tablepress.default\">\n\t\t\t\t<div class=\"elementor-widget-container\">\n\t\t\t\t\t<div class=\"elemenetskit-tablepress ekit-wid-con\" id=\"ekit_tablepress_9b694fa\">\n<table id=\"tablepress-4\" class=\"tablepress tablepress-id-4\">\n<tbody class=\"row-striping row-hover\">\n<tr class=\"row-1\">\n\t<td class=\"column-1\">Preventivn\u00ed prohl\u00eddka PC\/kus<\/td><td class=\"column-2\">200 K\u010d<\/td>\n<\/tr>\n<tr class=\"row-2\">\n\t<td class=\"column-1\">V\u00fdm\u011bna teplo vodiv\u00e9 pasty v\u00a0po\u010d\u00edta\u010di (zahrnuto sou\u010dasn\u011b s profylaxi)<\/td><td class=\"column-2\">300 K\u010d<\/td>\n<\/tr>\n<tr class=\"row-3\">\n\t<td class=\"column-1\">V\u00fdm\u011bna teplo vodiv\u00e9 pasty v\u00a0notebooku (zahrnuto sou\u010dasn\u011b s profylaxi)<\/td><td class=\"column-2\">400 K\u010d<\/td>\n<\/tr>\n<tr class=\"row-4\">\n\t<td class=\"column-1\">Z\u00e1loha dat na extern\u00ed ulo\u017ei\u0161t\u011b nebo na nov\u00fd PC\/hodina<\/td><td class=\"column-2\">od 200 K\u010d<\/td>\n<\/tr>\n<tr class=\"row-5\">\n\t<td class=\"column-1\"><\/td><td class=\"column-2\"><\/td>\n<\/tr>\n<\/tbody>\n<\/table>\n<\/div>\t\t\t\t<\/div>\n\t\t\t\t<\/div>\n\t\t\t\t\t<\/div>\n\t\t\t\t<\/div>\n\t\t<div class=\"elementor-element elementor-element-f5c9617 e-flex e-con-boxed e-con e-parent\" data-id=\"f5c9617\" data-element_type=\"container\" data-e-type=\"container\">\n\t\t\t\t\t<div class=\"e-con-inner\">\n\t\t\t\t<div class=\"elementor-element elementor-element-e0161f8 elementor-widget elementor-widget-text-editor\" data-id=\"e0161f8\" data-element_type=\"widget\" data-e-type=\"widget\" data-widget_type=\"text-editor.default\">\n\t\t\t\t<div class=\"elementor-widget-container\">\n\t\t\t\t\t\t\t\t\t<p>Hodinov\u00e9 sazby jsou \u00fa\u010dtov\u00e1ny po 30 minut\u00e1ch. Servis p\u0159es vzd\u00e1lenou plochu RDP nebo TeamViewer je \u00fa\u010dtov\u00e1n po 15 minut\u00e1ch.<br \/>Cen\u00edk nabyl platnosti 1. 1. 2023<\/p>\t\t\t\t\t\t\t\t<\/div>\n\t\t\t\t<\/div>\n\t\t\t\t\t<\/div>\n\t\t\t\t<\/div>\n\t\t\t\t<\/div>\n\t\t","protected":false},"excerpt":{"rendered":"<p>Cen\u00edk slu\u017eeb Tabulka z\u00e1kladn\u00edch slu\u017eeb s cenou. Jsme hrd\u00ed na to, \u017ee m\u016f\u017eeme nab\u00eddnout \u0161irokou \u0161k\u00e1lu profesion\u00e1ln\u00edch a kvalitn\u00edch slu\u017eeb, kter\u00e9 odpov\u00eddaj\u00ed va\u0161im individu\u00e1ln\u00edm pot\u0159eb\u00e1m. Na\u0161e transparentn\u00ed cenov\u00e1 politika v\u00e1m &#8230;<\/p>\n","protected":false},"author":1,"featured_media":0,"parent":0,"menu_order":0,"comment_status":"closed","ping_status":"closed","template":"elementor_header_footer","meta":{"footnotes":""},"class_list":["post-530","page","type-page","status-publish","hentry"],"yoast_head":"<!-- This site is optimized with the Yoast SEO Premium plugin v21.6 (Yoast SEO v27.1.1) - https:\/\/yoast.com\/product\/yoast-seo-premium-wordpress\/ -->\n<title>Cen\u00edk slu\u017eeb | Servis po\u010d\u00edta\u010d\u016f a notebook\u016f<\/title>\n<meta name=\"robots\" content=\"index, follow, max-snippet:-1, max-image-preview:large, max-video-preview:-1\" \/>\n<link rel=\"canonical\" href=\"https:\/\/pcdobra.cz\/index.php\/cenik-sluzeb\/\" \/>\n<meta property=\"og:locale\" content=\"cs_CZ\" \/>\n<meta property=\"og:type\" content=\"article\" \/>\n<meta property=\"og:title\" content=\"Cen\u00edk slu\u017eeb\" \/>\n<meta property=\"og:description\" content=\"Cen\u00edk slu\u017eeb Tabulka z\u00e1kladn\u00edch slu\u017eeb s cenou. Jsme hrd\u00ed na to, \u017ee m\u016f\u017eeme nab\u00eddnout \u0161irokou \u0161k\u00e1lu profesion\u00e1ln\u00edch a kvalitn\u00edch slu\u017eeb, kter\u00e9 odpov\u00eddaj\u00ed va\u0161im individu\u00e1ln\u00edm pot\u0159eb\u00e1m. Na\u0161e transparentn\u00ed cenov\u00e1 politika v\u00e1m ...\" \/>\n<meta property=\"og:url\" content=\"https:\/\/pcdobra.cz\/index.php\/cenik-sluzeb\/\" \/>\n<meta property=\"og:site_name\" content=\"Servis po\u010d\u00edta\u010d\u016f a notebook\u016f\" \/>\n<meta property=\"article:modified_time\" content=\"2026-01-30T10:50:50+00:00\" \/>\n<meta name=\"twitter:card\" content=\"summary_large_image\" \/>\n<meta name=\"twitter:label1\" content=\"Odhadovan\u00e1 doba \u010dten\u00ed\" \/>\n\t<meta name=\"twitter:data1\" content=\"2 minuty\" \/>\n<script type=\"application\/ld+json\" class=\"yoast-schema-graph\">{\"@context\":\"https:\/\/schema.org\",\"@graph\":[{\"@type\":\"WebPage\",\"@id\":\"https:\/\/pcdobra.cz\/index.php\/cenik-sluzeb\/\",\"url\":\"https:\/\/pcdobra.cz\/index.php\/cenik-sluzeb\/\",\"name\":\"Cen\u00edk slu\u017eeb | Servis po\u010d\u00edta\u010d\u016f a notebook\u016f\",\"isPartOf\":{\"@id\":\"https:\/\/pcdobra.cz\/#website\"},\"datePublished\":\"2023-11-27T17:46:42+00:00\",\"dateModified\":\"2026-01-30T10:50:50+00:00\",\"breadcrumb\":{\"@id\":\"https:\/\/pcdobra.cz\/index.php\/cenik-sluzeb\/#breadcrumb\"},\"inLanguage\":\"cs\",\"potentialAction\":[{\"@type\":\"ReadAction\",\"target\":[\"https:\/\/pcdobra.cz\/index.php\/cenik-sluzeb\/\"]}]},{\"@type\":\"BreadcrumbList\",\"@id\":\"https:\/\/pcdobra.cz\/index.php\/cenik-sluzeb\/#breadcrumb\",\"itemListElement\":[{\"@type\":\"ListItem\",\"position\":1,\"name\":\"Dom\u016f\",\"item\":\"https:\/\/pcdobra.cz\/\"},{\"@type\":\"ListItem\",\"position\":2,\"name\":\"Cen\u00edk slu\u017eeb\"}]},{\"@type\":\"WebSite\",\"@id\":\"https:\/\/pcdobra.cz\/#website\",\"url\":\"https:\/\/pcdobra.cz\/\",\"name\":\"Servis po\u010d\u00edta\u010d\u016f a notebook\u016f\",\"description\":\"Ing. Radim B\u00fcrger\",\"publisher\":{\"@id\":\"https:\/\/pcdobra.cz\/#\/schema\/person\/7238c0a9b66c801a9211e312dfc0f87d\"},\"alternateName\":\"Oprava po\u010d\u00edta\u010d\u016f\",\"potentialAction\":[{\"@type\":\"SearchAction\",\"target\":{\"@type\":\"EntryPoint\",\"urlTemplate\":\"https:\/\/pcdobra.cz\/?s={search_term_string}\"},\"query-input\":{\"@type\":\"PropertyValueSpecification\",\"valueRequired\":true,\"valueName\":\"search_term_string\"}}],\"inLanguage\":\"cs\"},{\"@type\":[\"Person\",\"Organization\"],\"@id\":\"https:\/\/pcdobra.cz\/#\/schema\/person\/7238c0a9b66c801a9211e312dfc0f87d\",\"name\":\"Radim B\u00fcrger\",\"image\":{\"@type\":\"ImageObject\",\"inLanguage\":\"cs\",\"@id\":\"https:\/\/pcdobra.cz\/#\/schema\/person\/image\/\",\"url\":\"https:\/\/pcdobra.cz\/wp-content\/uploads\/2024\/01\/web_logo2.png\",\"contentUrl\":\"https:\/\/pcdobra.cz\/wp-content\/uploads\/2024\/01\/web_logo2.png\",\"width\":292,\"height\":56,\"caption\":\"Radim B\u00fcrger\"},\"logo\":{\"@id\":\"https:\/\/pcdobra.cz\/#\/schema\/person\/image\/\"},\"sameAs\":[\"https:\/\/pcdobra.cz\"],\"publishingPrinciples\":\"https:\/\/pcdobra.cz\/\",\"ownershipFundingInfo\":\"https:\/\/pcdobra.cz\/index.php\/cenik-sluzeb\/\",\"actionableFeedbackPolicy\":\"https:\/\/pcdobra.cz\/index.php\/kontakt\/\"}]}<\/script>\n<!-- \/ Yoast SEO Premium plugin. -->","yoast_head_json":{"title":"Cen\u00edk slu\u017eeb | Servis po\u010d\u00edta\u010d\u016f a notebook\u016f","robots":{"index":"index","follow":"follow","max-snippet":"max-snippet:-1","max-image-preview":"max-image-preview:large","max-video-preview":"max-video-preview:-1"},"canonical":"https:\/\/pcdobra.cz\/index.php\/cenik-sluzeb\/","og_locale":"cs_CZ","og_type":"article","og_title":"Cen\u00edk slu\u017eeb","og_description":"Cen\u00edk slu\u017eeb Tabulka z\u00e1kladn\u00edch slu\u017eeb s cenou. Jsme hrd\u00ed na to, \u017ee m\u016f\u017eeme nab\u00eddnout \u0161irokou \u0161k\u00e1lu profesion\u00e1ln\u00edch a kvalitn\u00edch slu\u017eeb, kter\u00e9 odpov\u00eddaj\u00ed va\u0161im individu\u00e1ln\u00edm pot\u0159eb\u00e1m. Na\u0161e transparentn\u00ed cenov\u00e1 politika v\u00e1m ...","og_url":"https:\/\/pcdobra.cz\/index.php\/cenik-sluzeb\/","og_site_name":"Servis po\u010d\u00edta\u010d\u016f a notebook\u016f","article_modified_time":"2026-01-30T10:50:50+00:00","twitter_card":"summary_large_image","twitter_misc":{"Odhadovan\u00e1 doba \u010dten\u00ed":"2 minuty"},"schema":{"@context":"https:\/\/schema.org","@graph":[{"@type":"WebPage","@id":"https:\/\/pcdobra.cz\/index.php\/cenik-sluzeb\/","url":"https:\/\/pcdobra.cz\/index.php\/cenik-sluzeb\/","name":"Cen\u00edk slu\u017eeb | Servis po\u010d\u00edta\u010d\u016f a notebook\u016f","isPartOf":{"@id":"https:\/\/pcdobra.cz\/#website"},"datePublished":"2023-11-27T17:46:42+00:00","dateModified":"2026-01-30T10:50:50+00:00","breadcrumb":{"@id":"https:\/\/pcdobra.cz\/index.php\/cenik-sluzeb\/#breadcrumb"},"inLanguage":"cs","potentialAction":[{"@type":"ReadAction","target":["https:\/\/pcdobra.cz\/index.php\/cenik-sluzeb\/"]}]},{"@type":"BreadcrumbList","@id":"https:\/\/pcdobra.cz\/index.php\/cenik-sluzeb\/#breadcrumb","itemListElement":[{"@type":"ListItem","position":1,"name":"Dom\u016f","item":"https:\/\/pcdobra.cz\/"},{"@type":"ListItem","position":2,"name":"Cen\u00edk slu\u017eeb"}]},{"@type":"WebSite","@id":"https:\/\/pcdobra.cz\/#website","url":"https:\/\/pcdobra.cz\/","name":"Servis po\u010d\u00edta\u010d\u016f a notebook\u016f","description":"Ing. Radim B\u00fcrger","publisher":{"@id":"https:\/\/pcdobra.cz\/#\/schema\/person\/7238c0a9b66c801a9211e312dfc0f87d"},"alternateName":"Oprava po\u010d\u00edta\u010d\u016f","potentialAction":[{"@type":"SearchAction","target":{"@type":"EntryPoint","urlTemplate":"https:\/\/pcdobra.cz\/?s={search_term_string}"},"query-input":{"@type":"PropertyValueSpecification","valueRequired":true,"valueName":"search_term_string"}}],"inLanguage":"cs"},{"@type":["Person","Organization"],"@id":"https:\/\/pcdobra.cz\/#\/schema\/person\/7238c0a9b66c801a9211e312dfc0f87d","name":"Radim B\u00fcrger","image":{"@type":"ImageObject","inLanguage":"cs","@id":"https:\/\/pcdobra.cz\/#\/schema\/person\/image\/","url":"https:\/\/pcdobra.cz\/wp-content\/uploads\/2024\/01\/web_logo2.png","contentUrl":"https:\/\/pcdobra.cz\/wp-content\/uploads\/2024\/01\/web_logo2.png","width":292,"height":56,"caption":"Radim B\u00fcrger"},"logo":{"@id":"https:\/\/pcdobra.cz\/#\/schema\/person\/image\/"},"sameAs":["https:\/\/pcdobra.cz"],"publishingPrinciples":"https:\/\/pcdobra.cz\/","ownershipFundingInfo":"https:\/\/pcdobra.cz\/index.php\/cenik-sluzeb\/","actionableFeedbackPolicy":"https:\/\/pcdobra.cz\/index.php\/kontakt\/"}]}},"_links":{"self":[{"href":"https:\/\/pcdobra.cz\/index.php\/wp-json\/wp\/v2\/pages\/530","targetHints":{"allow":["GET"]}}],"collection":[{"href":"https:\/\/pcdobra.cz\/index.php\/wp-json\/wp\/v2\/pages"}],"about":[{"href":"https:\/\/pcdobra.cz\/index.php\/wp-json\/wp\/v2\/types\/page"}],"author":[{"embeddable":true,"href":"https:\/\/pcdobra.cz\/index.php\/wp-json\/wp\/v2\/users\/1"}],"replies":[{"embeddable":true,"href":"https:\/\/pcdobra.cz\/index.php\/wp-json\/wp\/v2\/comments?post=530"}],"version-history":[{"count":40,"href":"https:\/\/pcdobra.cz\/index.php\/wp-json\/wp\/v2\/pages\/530\/revisions"}],"predecessor-version":[{"id":795,"href":"https:\/\/pcdobra.cz\/index.php\/wp-json\/wp\/v2\/pages\/530\/revisions\/795"}],"wp:attachment":[{"href":"https:\/\/pcdobra.cz\/index.php\/wp-json\/wp\/v2\/media?parent=530"}],"curies":[{"name":"wp","href":"https:\/\/api.w.org\/{rel}","templated":true}]}}