{"id":579,"date":"2023-11-27T19:45:09","date_gmt":"2023-11-27T18:45:09","guid":{"rendered":"https:\/\/pcdobra.cz\/?page_id=579"},"modified":"2023-11-30T05:55:54","modified_gmt":"2023-11-30T04:55:54","slug":"sestaveni-pocitace","status":"publish","type":"page","link":"https:\/\/pcdobra.cz\/index.php\/sestaveni-pocitace\/","title":{"rendered":"Sestaven\u00ed po\u010d\u00edta\u010de"},"content":{"rendered":"\t\t<div data-elementor-type=\"wp-page\" data-elementor-id=\"579\" class=\"elementor elementor-579\">\n\t\t\t\t<div class=\"elementor-element elementor-element-6d4a2b6 e-con-full e-flex e-con e-parent\" data-id=\"6d4a2b6\" data-element_type=\"container\" data-e-type=\"container\" data-settings=\"{&quot;background_background&quot;:&quot;classic&quot;}\">\n\t\t<div class=\"elementor-element elementor-element-7529984 e-flex e-con-boxed e-con e-child\" data-id=\"7529984\" data-element_type=\"container\" data-e-type=\"container\">\n\t\t\t\t\t<div class=\"e-con-inner\">\n\t\t\t\t<div class=\"elementor-element elementor-element-0dc7f42 elementor-widget elementor-widget-heading\" data-id=\"0dc7f42\" data-element_type=\"widget\" data-e-type=\"widget\" data-widget_type=\"heading.default\">\n\t\t\t\t<div class=\"elementor-widget-container\">\n\t\t\t\t\t<h1 class=\"elementor-heading-title elementor-size-xxl\">Sestaven\u00ed po\u010d\u00edta\u010de<\/h1>\t\t\t\t<\/div>\n\t\t\t\t<\/div>\n\t\t\t\t<div class=\"elementor-element elementor-element-6c7ebc2 elementor-hidden-mobile elementor-widget elementor-widget-heading\" data-id=\"6c7ebc2\" data-element_type=\"widget\" data-e-type=\"widget\" data-widget_type=\"heading.default\">\n\t\t\t\t<div class=\"elementor-widget-container\">\n\t\t\t\t\t<h3 class=\"elementor-heading-title elementor-size-large\">Sestav\u00edme V\u00e1m po\u010d\u00edta\u010d na m\u00edru, podle Va\u0161ich po\u017eadavk\u016f a pot\u0159eb.<\/h3>\t\t\t\t<\/div>\n\t\t\t\t<\/div>\n\t\t\t\t\t<\/div>\n\t\t\t\t<\/div>\n\t\t\t\t<\/div>\n\t\t<div class=\"elementor-element elementor-element-ba6bf68 e-flex e-con-boxed e-con e-parent\" data-id=\"ba6bf68\" data-element_type=\"container\" data-e-type=\"container\">\n\t\t\t\t\t<div class=\"e-con-inner\">\n\t\t\t\t<div class=\"elementor-element elementor-element-b5bd156 elementor-widget elementor-widget-text-editor\" data-id=\"b5bd156\" data-element_type=\"widget\" data-e-type=\"widget\" data-widget_type=\"text-editor.default\">\n\t\t\t\t<div class=\"elementor-widget-container\">\n\t\t\t\t\t\t\t\t\t<p>P\u0159in\u00e1\u0161\u00edme odborn\u00e9 slu\u017eby spojen\u00e9 s profesion\u00e1ln\u00edm sestavov\u00e1n\u00edm a skl\u00e1d\u00e1n\u00edm po\u010d\u00edta\u010d\u016f. Jsme zde, abychom v\u00e1m poskytli individu\u00e1ln\u00ed p\u0159\u00edstup k vytv\u00e1\u0159en\u00ed po\u010d\u00edta\u010dov\u00fdch syst\u00e9m\u016f p\u0159esn\u011b podle va\u0161ich pot\u0159eb.<\/p>\t\t\t\t\t\t\t\t<\/div>\n\t\t\t\t<\/div>\n\t\t\t\t\t<\/div>\n\t\t\t\t<\/div>\n\t\t<div class=\"elementor-element elementor-element-7aa05c9 e-flex e-con-boxed e-con e-parent\" data-id=\"7aa05c9\" data-element_type=\"container\" data-e-type=\"container\">\n\t\t\t\t\t<div class=\"e-con-inner\">\n\t\t\t\t<div class=\"elementor-element elementor-element-1f08468 elementor-widget elementor-widget-heading\" data-id=\"1f08468\" data-element_type=\"widget\" data-e-type=\"widget\" data-widget_type=\"heading.default\">\n\t\t\t\t<div class=\"elementor-widget-container\">\n\t\t\t\t\t<h2 class=\"elementor-heading-title elementor-size-default\">Pro\u010d si nechat sestavit po\u010d\u00edta\u010d?<\/h2>\t\t\t\t<\/div>\n\t\t\t\t<\/div>\n\t\t\t\t\t<\/div>\n\t\t\t\t<\/div>\n\t\t<div class=\"elementor-element elementor-element-9049201 e-flex e-con-boxed e-con e-parent\" data-id=\"9049201\" data-element_type=\"container\" data-e-type=\"container\">\n\t\t\t\t\t<div class=\"e-con-inner\">\n\t\t\t\t<div class=\"elementor-element elementor-element-14b2aae elementor-widget elementor-widget-text-editor\" data-id=\"14b2aae\" data-element_type=\"widget\" data-e-type=\"widget\" data-widget_type=\"text-editor.default\">\n\t\t\t\t<div class=\"elementor-widget-container\">\n\t\t\t\t\t\t\t\t\t<p><strong>P\u0159izp\u016fsoben\u00ed Va\u0161im Pot\u0159eb\u00e1m:<\/strong> Ka\u017ed\u00fd u\u017eivatel m\u00e1 jedine\u010dn\u00e9 po\u017eadavky na v\u00fdkon a funkce. Sestavov\u00e1n\u00ed po\u010d\u00edta\u010de umo\u017e\u0148uje v\u00fdb\u011br komponent\u016f, kter\u00e9 odpov\u00eddaj\u00ed p\u0159esn\u011b va\u0161im pot\u0159eb\u00e1m.<\/p><p><strong>V\u00fdkon na M\u00edru:<\/strong> Od hern\u00edch konfigurac\u00ed po profesion\u00e1ln\u00ed pracovn\u00ed stanice &#8211; sestaven\u00ed po\u010d\u00edta\u010de v\u00e1m umo\u017e\u0148uje dos\u00e1hnout optim\u00e1ln\u00edho v\u00fdkonu pro va\u0161e \u00fakoly.<\/p><p><strong>Aktualizovatelnost:<\/strong> D\u00edky sestaven\u00ed vlastn\u00edho po\u010d\u00edta\u010de m\u016f\u017eete snadno prov\u00e1d\u011bt aktualizace a vylep\u0161en\u00ed komponent\u016f podle nejnov\u011bj\u0161\u00edch technologick\u00fdch trend\u016f.<\/p>\t\t\t\t\t\t\t\t<\/div>\n\t\t\t\t<\/div>\n\t\t\t\t\t<\/div>\n\t\t\t\t<\/div>\n\t\t<div class=\"elementor-element elementor-element-b6035df e-flex e-con-boxed e-con e-parent\" data-id=\"b6035df\" data-element_type=\"container\" data-e-type=\"container\">\n\t\t\t\t\t<div class=\"e-con-inner\">\n\t\t\t\t<div class=\"elementor-element elementor-element-7f715ed elementor-widget elementor-widget-heading\" data-id=\"7f715ed\" data-element_type=\"widget\" data-e-type=\"widget\" data-widget_type=\"heading.default\">\n\t\t\t\t<div class=\"elementor-widget-container\">\n\t\t\t\t\t<h2 class=\"elementor-heading-title elementor-size-default\">Na\u0161e Specializovan\u00e9 Slu\u017eby<\/h2>\t\t\t\t<\/div>\n\t\t\t\t<\/div>\n\t\t\t\t\t<\/div>\n\t\t\t\t<\/div>\n\t\t<div class=\"elementor-element elementor-element-68e545e e-flex e-con-boxed e-con e-parent\" data-id=\"68e545e\" data-element_type=\"container\" data-e-type=\"container\">\n\t\t\t\t\t<div class=\"e-con-inner\">\n\t\t\t\t<div class=\"elementor-element elementor-element-5685152 elementor-widget elementor-widget-heading\" data-id=\"5685152\" data-element_type=\"widget\" data-e-type=\"widget\" data-widget_type=\"heading.default\">\n\t\t\t\t<div class=\"elementor-widget-container\">\n\t\t\t\t\t<h3 class=\"elementor-heading-title elementor-size-default\">Porad\u00edme p\u0159i v\u00fdb\u011bru komponent\u016f<\/h3>\t\t\t\t<\/div>\n\t\t\t\t<\/div>\n\t\t\t\t<div class=\"elementor-element elementor-element-a587093 elementor-widget elementor-widget-text-editor\" data-id=\"a587093\" data-element_type=\"widget\" data-e-type=\"widget\" data-widget_type=\"text-editor.default\">\n\t\t\t\t<div class=\"elementor-widget-container\">\n\t\t\t\t\t\t\t\t\t<p>Prvn\u00edm krokem je poskytnout v\u00e1m odborn\u00e9 rady p\u0159i v\u00fdb\u011bru komponent\u016f podle va\u0161ich pot\u0159eb a finan\u010dn\u00edch mo\u017enost\u00ed.<\/p>\t\t\t\t\t\t\t\t<\/div>\n\t\t\t\t<\/div>\n\t\t\t\t\t<\/div>\n\t\t\t\t<\/div>\n\t\t<div class=\"elementor-element elementor-element-a761ce9 e-flex e-con-boxed e-con e-parent\" data-id=\"a761ce9\" data-element_type=\"container\" data-e-type=\"container\">\n\t\t\t\t\t<div class=\"e-con-inner\">\n\t\t\t\t<div class=\"elementor-element elementor-element-175bbad elementor-widget elementor-widget-heading\" data-id=\"175bbad\" data-element_type=\"widget\" data-e-type=\"widget\" data-widget_type=\"heading.default\">\n\t\t\t\t<div class=\"elementor-widget-container\">\n\t\t\t\t\t<h3 class=\"elementor-heading-title elementor-size-default\">Precizn\u00ed Sestaven\u00ed<\/h3>\t\t\t\t<\/div>\n\t\t\t\t<\/div>\n\t\t\t\t<div class=\"elementor-element elementor-element-ec7672b elementor-widget elementor-widget-text-editor\" data-id=\"ec7672b\" data-element_type=\"widget\" data-e-type=\"widget\" data-widget_type=\"text-editor.default\">\n\t\t\t\t<div class=\"elementor-widget-container\">\n\t\t\t\t\t\t\t\t\t<p>Postar\u00e1me se o precizn\u00ed sestaven\u00ed ka\u017ed\u00e9ho detailu va\u0161eho po\u010d\u00edta\u010de, p\u0159i\u010dem\u017e klade d\u016fraz na bezchybn\u00fd chod.<\/p>\t\t\t\t\t\t\t\t<\/div>\n\t\t\t\t<\/div>\n\t\t\t\t\t<\/div>\n\t\t\t\t<\/div>\n\t\t<div class=\"elementor-element elementor-element-2f32e17 e-flex e-con-boxed e-con e-parent\" data-id=\"2f32e17\" data-element_type=\"container\" data-e-type=\"container\">\n\t\t\t\t\t<div class=\"e-con-inner\">\n\t\t\t\t<div class=\"elementor-element elementor-element-e6d324d elementor-widget elementor-widget-heading\" data-id=\"e6d324d\" data-element_type=\"widget\" data-e-type=\"widget\" data-widget_type=\"heading.default\">\n\t\t\t\t<div class=\"elementor-widget-container\">\n\t\t\t\t\t<h3 class=\"elementor-heading-title elementor-size-default\">V\u00fdstupn\u00ed kontrola<\/h3>\t\t\t\t<\/div>\n\t\t\t\t<\/div>\n\t\t\t\t<div class=\"elementor-element elementor-element-1b0da02 elementor-widget elementor-widget-text-editor\" data-id=\"1b0da02\" data-element_type=\"widget\" data-e-type=\"widget\" data-widget_type=\"text-editor.default\">\n\t\t\t\t<div class=\"elementor-widget-container\">\n\t\t\t\t\t\t\t\t\t<p>Ka\u017ed\u00fd sestaven\u00fd po\u010d\u00edta\u010d proch\u00e1z\u00ed d\u016fkladn\u00fdm testov\u00e1n\u00edm, abychom zajistili optim\u00e1ln\u00ed v\u00fdkon a bezprobl\u00e9mov\u00fd chod.<\/p>\t\t\t\t\t\t\t\t<\/div>\n\t\t\t\t<\/div>\n\t\t\t\t\t<\/div>\n\t\t\t\t<\/div>\n\t\t<div class=\"elementor-element elementor-element-c20fbfa e-flex e-con-boxed e-con e-parent\" data-id=\"c20fbfa\" data-element_type=\"container\" data-e-type=\"container\">\n\t\t\t\t\t<div class=\"e-con-inner\">\n\t\t\t\t<div class=\"elementor-element elementor-element-e3de825 elementor-widget elementor-widget-heading\" data-id=\"e3de825\" data-element_type=\"widget\" data-e-type=\"widget\" data-widget_type=\"heading.default\">\n\t\t\t\t<div class=\"elementor-widget-container\">\n\t\t\t\t\t<h3 class=\"elementor-heading-title elementor-size-default\">Odborn\u00e1 Podpora po Sestaven\u00ed<\/h3>\t\t\t\t<\/div>\n\t\t\t\t<\/div>\n\t\t\t\t<div class=\"elementor-element elementor-element-cdb0bbd elementor-widget elementor-widget-text-editor\" data-id=\"cdb0bbd\" data-element_type=\"widget\" data-e-type=\"widget\" data-widget_type=\"text-editor.default\">\n\t\t\t\t<div class=\"elementor-widget-container\">\n\t\t\t\t\t\t\t\t\t<p>Po dokon\u010den\u00ed sestavov\u00e1n\u00ed poskytneme odbornou podporu a rady t\u00fdkaj\u00edc\u00ed se \u00fadr\u017eby, aktualizac\u00ed a budouc\u00edho vylep\u0161en\u00ed.<\/p><p>\u00a0<\/p><p>Va\u0161e p\u0159edstavy o ide\u00e1ln\u00edm po\u010d\u00edta\u010di mohou brzy p\u0159ej\u00edt do reality. Kontaktujte n\u00e1s a za\u010dn\u011bme pracovat na sestaven\u00ed po\u010d\u00edta\u010de p\u0159esn\u011b podle va\u0161ich p\u0159edstav.<\/p>\t\t\t\t\t\t\t\t<\/div>\n\t\t\t\t<\/div>\n\t\t\t\t\t<\/div>\n\t\t\t\t<\/div>\n\t\t\t\t<\/div>\n\t\t","protected":false},"excerpt":{"rendered":"<p>Sestaven\u00ed po\u010d\u00edta\u010de Sestav\u00edme V\u00e1m po\u010d\u00edta\u010d na m\u00edru, podle Va\u0161ich po\u017eadavk\u016f a pot\u0159eb. P\u0159in\u00e1\u0161\u00edme odborn\u00e9 slu\u017eby spojen\u00e9 s profesion\u00e1ln\u00edm sestavov\u00e1n\u00edm a skl\u00e1d\u00e1n\u00edm po\u010d\u00edta\u010d\u016f. Jsme zde, abychom v\u00e1m poskytli individu\u00e1ln\u00ed p\u0159\u00edstup k &#8230;<\/p>\n","protected":false},"author":1,"featured_media":0,"parent":0,"menu_order":0,"comment_status":"closed","ping_status":"closed","template":"elementor_header_footer","meta":{"footnotes":""},"class_list":["post-579","page","type-page","status-publish","hentry"],"yoast_head":"<!-- This site is optimized with the Yoast SEO Premium plugin v21.6 (Yoast SEO v27.4) - https:\/\/yoast.com\/product\/yoast-seo-premium-wordpress\/ -->\n<title>Sestaven\u00ed po\u010d\u00edta\u010de | Servis po\u010d\u00edta\u010d\u016f a notebook\u016f<\/title>\n<meta name=\"robots\" content=\"index, follow, max-snippet:-1, max-image-preview:large, max-video-preview:-1\" \/>\n<link rel=\"canonical\" href=\"https:\/\/pcdobra.cz\/index.php\/sestaveni-pocitace\/\" \/>\n<meta property=\"og:locale\" content=\"cs_CZ\" \/>\n<meta property=\"og:type\" content=\"article\" \/>\n<meta property=\"og:title\" content=\"Sestaven\u00ed po\u010d\u00edta\u010de\" \/>\n<meta property=\"og:description\" content=\"Sestaven\u00ed po\u010d\u00edta\u010de Sestav\u00edme V\u00e1m po\u010d\u00edta\u010d na m\u00edru, podle Va\u0161ich po\u017eadavk\u016f a pot\u0159eb. P\u0159in\u00e1\u0161\u00edme odborn\u00e9 slu\u017eby spojen\u00e9 s profesion\u00e1ln\u00edm sestavov\u00e1n\u00edm a skl\u00e1d\u00e1n\u00edm po\u010d\u00edta\u010d\u016f. Jsme zde, abychom v\u00e1m poskytli individu\u00e1ln\u00ed p\u0159\u00edstup k ...\" \/>\n<meta property=\"og:url\" content=\"https:\/\/pcdobra.cz\/index.php\/sestaveni-pocitace\/\" \/>\n<meta property=\"og:site_name\" content=\"Servis po\u010d\u00edta\u010d\u016f a notebook\u016f\" \/>\n<meta property=\"article:modified_time\" content=\"2023-11-30T04:55:54+00:00\" \/>\n<meta name=\"twitter:card\" content=\"summary_large_image\" \/>\n<meta name=\"twitter:label1\" content=\"Odhadovan\u00e1 doba \u010dten\u00ed\" \/>\n\t<meta name=\"twitter:data1\" content=\"2 minuty\" \/>\n<script type=\"application\/ld+json\" class=\"yoast-schema-graph\">{\"@context\":\"https:\\\/\\\/schema.org\",\"@graph\":[{\"@type\":\"WebPage\",\"@id\":\"https:\\\/\\\/pcdobra.cz\\\/index.php\\\/sestaveni-pocitace\\\/\",\"url\":\"https:\\\/\\\/pcdobra.cz\\\/index.php\\\/sestaveni-pocitace\\\/\",\"name\":\"Sestaven\u00ed po\u010d\u00edta\u010de | Servis po\u010d\u00edta\u010d\u016f a notebook\u016f\",\"isPartOf\":{\"@id\":\"https:\\\/\\\/pcdobra.cz\\\/#website\"},\"datePublished\":\"2023-11-27T18:45:09+00:00\",\"dateModified\":\"2023-11-30T04:55:54+00:00\",\"breadcrumb\":{\"@id\":\"https:\\\/\\\/pcdobra.cz\\\/index.php\\\/sestaveni-pocitace\\\/#breadcrumb\"},\"inLanguage\":\"cs\",\"potentialAction\":[{\"@type\":\"ReadAction\",\"target\":[\"https:\\\/\\\/pcdobra.cz\\\/index.php\\\/sestaveni-pocitace\\\/\"]}]},{\"@type\":\"BreadcrumbList\",\"@id\":\"https:\\\/\\\/pcdobra.cz\\\/index.php\\\/sestaveni-pocitace\\\/#breadcrumb\",\"itemListElement\":[{\"@type\":\"ListItem\",\"position\":1,\"name\":\"Dom\u016f\",\"item\":\"https:\\\/\\\/pcdobra.cz\\\/\"},{\"@type\":\"ListItem\",\"position\":2,\"name\":\"Sestaven\u00ed po\u010d\u00edta\u010de\"}]},{\"@type\":\"WebSite\",\"@id\":\"https:\\\/\\\/pcdobra.cz\\\/#website\",\"url\":\"https:\\\/\\\/pcdobra.cz\\\/\",\"name\":\"Servis po\u010d\u00edta\u010d\u016f a notebook\u016f\",\"description\":\"Ing. Radim B\u00fcrger\",\"publisher\":{\"@id\":\"https:\\\/\\\/pcdobra.cz\\\/#\\\/schema\\\/person\\\/7238c0a9b66c801a9211e312dfc0f87d\"},\"alternateName\":\"Oprava po\u010d\u00edta\u010d\u016f\",\"potentialAction\":[{\"@type\":\"SearchAction\",\"target\":{\"@type\":\"EntryPoint\",\"urlTemplate\":\"https:\\\/\\\/pcdobra.cz\\\/?s={search_term_string}\"},\"query-input\":{\"@type\":\"PropertyValueSpecification\",\"valueRequired\":true,\"valueName\":\"search_term_string\"}}],\"inLanguage\":\"cs\"},{\"@type\":[\"Person\",\"Organization\"],\"@id\":\"https:\\\/\\\/pcdobra.cz\\\/#\\\/schema\\\/person\\\/7238c0a9b66c801a9211e312dfc0f87d\",\"name\":\"Radim B\u00fcrger\",\"image\":{\"@type\":\"ImageObject\",\"inLanguage\":\"cs\",\"@id\":\"https:\\\/\\\/pcdobra.cz\\\/wp-content\\\/uploads\\\/2024\\\/01\\\/web_logo2.png\",\"url\":\"https:\\\/\\\/pcdobra.cz\\\/wp-content\\\/uploads\\\/2024\\\/01\\\/web_logo2.png\",\"contentUrl\":\"https:\\\/\\\/pcdobra.cz\\\/wp-content\\\/uploads\\\/2024\\\/01\\\/web_logo2.png\",\"width\":292,\"height\":56,\"caption\":\"Radim B\u00fcrger\"},\"logo\":{\"@id\":\"https:\\\/\\\/pcdobra.cz\\\/wp-content\\\/uploads\\\/2024\\\/01\\\/web_logo2.png\"},\"sameAs\":[\"https:\\\/\\\/pcdobra.cz\"],\"publishingPrinciples\":\"https:\\\/\\\/pcdobra.cz\\\/\",\"ownershipFundingInfo\":\"https:\\\/\\\/pcdobra.cz\\\/index.php\\\/cenik-sluzeb\\\/\",\"actionableFeedbackPolicy\":\"https:\\\/\\\/pcdobra.cz\\\/index.php\\\/kontakt\\\/\"}]}<\/script>\n<!-- \/ Yoast SEO Premium plugin. -->","yoast_head_json":{"title":"Sestaven\u00ed po\u010d\u00edta\u010de | Servis po\u010d\u00edta\u010d\u016f a notebook\u016f","robots":{"index":"index","follow":"follow","max-snippet":"max-snippet:-1","max-image-preview":"max-image-preview:large","max-video-preview":"max-video-preview:-1"},"canonical":"https:\/\/pcdobra.cz\/index.php\/sestaveni-pocitace\/","og_locale":"cs_CZ","og_type":"article","og_title":"Sestaven\u00ed po\u010d\u00edta\u010de","og_description":"Sestaven\u00ed po\u010d\u00edta\u010de Sestav\u00edme V\u00e1m po\u010d\u00edta\u010d na m\u00edru, podle Va\u0161ich po\u017eadavk\u016f a pot\u0159eb. P\u0159in\u00e1\u0161\u00edme odborn\u00e9 slu\u017eby spojen\u00e9 s profesion\u00e1ln\u00edm sestavov\u00e1n\u00edm a skl\u00e1d\u00e1n\u00edm po\u010d\u00edta\u010d\u016f. Jsme zde, abychom v\u00e1m poskytli individu\u00e1ln\u00ed p\u0159\u00edstup k ...","og_url":"https:\/\/pcdobra.cz\/index.php\/sestaveni-pocitace\/","og_site_name":"Servis po\u010d\u00edta\u010d\u016f a notebook\u016f","article_modified_time":"2023-11-30T04:55:54+00:00","twitter_card":"summary_large_image","twitter_misc":{"Odhadovan\u00e1 doba \u010dten\u00ed":"2 minuty"},"schema":{"@context":"https:\/\/schema.org","@graph":[{"@type":"WebPage","@id":"https:\/\/pcdobra.cz\/index.php\/sestaveni-pocitace\/","url":"https:\/\/pcdobra.cz\/index.php\/sestaveni-pocitace\/","name":"Sestaven\u00ed po\u010d\u00edta\u010de | Servis po\u010d\u00edta\u010d\u016f a notebook\u016f","isPartOf":{"@id":"https:\/\/pcdobra.cz\/#website"},"datePublished":"2023-11-27T18:45:09+00:00","dateModified":"2023-11-30T04:55:54+00:00","breadcrumb":{"@id":"https:\/\/pcdobra.cz\/index.php\/sestaveni-pocitace\/#breadcrumb"},"inLanguage":"cs","potentialAction":[{"@type":"ReadAction","target":["https:\/\/pcdobra.cz\/index.php\/sestaveni-pocitace\/"]}]},{"@type":"BreadcrumbList","@id":"https:\/\/pcdobra.cz\/index.php\/sestaveni-pocitace\/#breadcrumb","itemListElement":[{"@type":"ListItem","position":1,"name":"Dom\u016f","item":"https:\/\/pcdobra.cz\/"},{"@type":"ListItem","position":2,"name":"Sestaven\u00ed po\u010d\u00edta\u010de"}]},{"@type":"WebSite","@id":"https:\/\/pcdobra.cz\/#website","url":"https:\/\/pcdobra.cz\/","name":"Servis po\u010d\u00edta\u010d\u016f a notebook\u016f","description":"Ing. Radim B\u00fcrger","publisher":{"@id":"https:\/\/pcdobra.cz\/#\/schema\/person\/7238c0a9b66c801a9211e312dfc0f87d"},"alternateName":"Oprava po\u010d\u00edta\u010d\u016f","potentialAction":[{"@type":"SearchAction","target":{"@type":"EntryPoint","urlTemplate":"https:\/\/pcdobra.cz\/?s={search_term_string}"},"query-input":{"@type":"PropertyValueSpecification","valueRequired":true,"valueName":"search_term_string"}}],"inLanguage":"cs"},{"@type":["Person","Organization"],"@id":"https:\/\/pcdobra.cz\/#\/schema\/person\/7238c0a9b66c801a9211e312dfc0f87d","name":"Radim B\u00fcrger","image":{"@type":"ImageObject","inLanguage":"cs","@id":"https:\/\/pcdobra.cz\/wp-content\/uploads\/2024\/01\/web_logo2.png","url":"https:\/\/pcdobra.cz\/wp-content\/uploads\/2024\/01\/web_logo2.png","contentUrl":"https:\/\/pcdobra.cz\/wp-content\/uploads\/2024\/01\/web_logo2.png","width":292,"height":56,"caption":"Radim B\u00fcrger"},"logo":{"@id":"https:\/\/pcdobra.cz\/wp-content\/uploads\/2024\/01\/web_logo2.png"},"sameAs":["https:\/\/pcdobra.cz"],"publishingPrinciples":"https:\/\/pcdobra.cz\/","ownershipFundingInfo":"https:\/\/pcdobra.cz\/index.php\/cenik-sluzeb\/","actionableFeedbackPolicy":"https:\/\/pcdobra.cz\/index.php\/kontakt\/"}]}},"_links":{"self":[{"href":"https:\/\/pcdobra.cz\/index.php\/wp-json\/wp\/v2\/pages\/579","targetHints":{"allow":["GET"]}}],"collection":[{"href":"https:\/\/pcdobra.cz\/index.php\/wp-json\/wp\/v2\/pages"}],"about":[{"href":"https:\/\/pcdobra.cz\/index.php\/wp-json\/wp\/v2\/types\/page"}],"author":[{"embeddable":true,"href":"https:\/\/pcdobra.cz\/index.php\/wp-json\/wp\/v2\/users\/1"}],"replies":[{"embeddable":true,"href":"https:\/\/pcdobra.cz\/index.php\/wp-json\/wp\/v2\/comments?post=579"}],"version-history":[{"count":9,"href":"https:\/\/pcdobra.cz\/index.php\/wp-json\/wp\/v2\/pages\/579\/revisions"}],"predecessor-version":[{"id":593,"href":"https:\/\/pcdobra.cz\/index.php\/wp-json\/wp\/v2\/pages\/579\/revisions\/593"}],"wp:attachment":[{"href":"https:\/\/pcdobra.cz\/index.php\/wp-json\/wp\/v2\/media?parent=579"}],"curies":[{"name":"wp","href":"https:\/\/api.w.org\/{rel}","templated":true}]}}