{"id":706,"date":"2024-09-03T14:19:59","date_gmt":"2024-09-03T13:19:59","guid":{"rendered":"https:\/\/pcdobra.cz\/?page_id=706"},"modified":"2024-09-03T14:21:10","modified_gmt":"2024-09-03T13:21:10","slug":"stav","status":"publish","type":"page","link":"https:\/\/pcdobra.cz\/index.php\/stav\/","title":{"rendered":"stav"},"content":{"rendered":"\n<pre class=\"wp-block-code\"><code>&lt;meta http-equiv=\"refresh\" content=\"0; url=https:\/\/pcdobra.cz\/portal\" \/><\/code><\/pre>\n","protected":false},"excerpt":{"rendered":"","protected":false},"author":1,"featured_media":0,"parent":0,"menu_order":0,"comment_status":"closed","ping_status":"closed","template":"","meta":{"footnotes":""},"class_list":["post-706","page","type-page","status-publish","hentry"],"yoast_head":"<!-- This site is optimized with the Yoast SEO Premium plugin v21.6 (Yoast SEO v27.1.1) - https:\/\/yoast.com\/product\/yoast-seo-premium-wordpress\/ -->\n<title>stav | Servis po\u010d\u00edta\u010d\u016f a notebook\u016f<\/title>\n<meta name=\"description\" content=\"Zji\u0161t\u011bn\u00ed aktu\u00e1ln\u00edho \u0159e\u0161en\u00ed Va\u0161eho servisn\u00edho po\u017eadavku.\" \/>\n<meta name=\"robots\" content=\"index, follow, max-snippet:-1, max-image-preview:large, max-video-preview:-1\" \/>\n<link rel=\"canonical\" href=\"https:\/\/pcdobra.cz\/index.php\/stav\/\" \/>\n<meta property=\"og:locale\" content=\"cs_CZ\" \/>\n<meta property=\"og:type\" content=\"article\" \/>\n<meta property=\"og:title\" content=\"stav\" \/>\n<meta property=\"og:description\" content=\"Zji\u0161t\u011bn\u00ed aktu\u00e1ln\u00edho \u0159e\u0161en\u00ed Va\u0161eho servisn\u00edho po\u017eadavku.\" \/>\n<meta property=\"og:url\" content=\"https:\/\/pcdobra.cz\/index.php\/stav\/\" \/>\n<meta property=\"og:site_name\" content=\"Servis po\u010d\u00edta\u010d\u016f a notebook\u016f\" \/>\n<meta property=\"article:modified_time\" content=\"2024-09-03T13:21:10+00:00\" \/>\n<meta name=\"twitter:card\" content=\"summary_large_image\" \/>\n<script type=\"application\/ld+json\" class=\"yoast-schema-graph\">{\"@context\":\"https:\/\/schema.org\",\"@graph\":[{\"@type\":\"WebPage\",\"@id\":\"https:\/\/pcdobra.cz\/index.php\/stav\/\",\"url\":\"https:\/\/pcdobra.cz\/index.php\/stav\/\",\"name\":\"stav | Servis po\u010d\u00edta\u010d\u016f a notebook\u016f\",\"isPartOf\":{\"@id\":\"https:\/\/pcdobra.cz\/#website\"},\"datePublished\":\"2024-09-03T13:19:59+00:00\",\"dateModified\":\"2024-09-03T13:21:10+00:00\",\"description\":\"Zji\u0161t\u011bn\u00ed aktu\u00e1ln\u00edho \u0159e\u0161en\u00ed Va\u0161eho servisn\u00edho po\u017eadavku.\",\"breadcrumb\":{\"@id\":\"https:\/\/pcdobra.cz\/index.php\/stav\/#breadcrumb\"},\"inLanguage\":\"cs\",\"potentialAction\":[{\"@type\":\"ReadAction\",\"target\":[\"https:\/\/pcdobra.cz\/index.php\/stav\/\"]}]},{\"@type\":\"BreadcrumbList\",\"@id\":\"https:\/\/pcdobra.cz\/index.php\/stav\/#breadcrumb\",\"itemListElement\":[{\"@type\":\"ListItem\",\"position\":1,\"name\":\"Dom\u016f\",\"item\":\"https:\/\/pcdobra.cz\/\"},{\"@type\":\"ListItem\",\"position\":2,\"name\":\"stav\"}]},{\"@type\":\"WebSite\",\"@id\":\"https:\/\/pcdobra.cz\/#website\",\"url\":\"https:\/\/pcdobra.cz\/\",\"name\":\"Servis po\u010d\u00edta\u010d\u016f a notebook\u016f\",\"description\":\"Ing. Radim B\u00fcrger\",\"publisher\":{\"@id\":\"https:\/\/pcdobra.cz\/#\/schema\/person\/7238c0a9b66c801a9211e312dfc0f87d\"},\"alternateName\":\"Oprava po\u010d\u00edta\u010d\u016f\",\"potentialAction\":[{\"@type\":\"SearchAction\",\"target\":{\"@type\":\"EntryPoint\",\"urlTemplate\":\"https:\/\/pcdobra.cz\/?s={search_term_string}\"},\"query-input\":{\"@type\":\"PropertyValueSpecification\",\"valueRequired\":true,\"valueName\":\"search_term_string\"}}],\"inLanguage\":\"cs\"},{\"@type\":[\"Person\",\"Organization\"],\"@id\":\"https:\/\/pcdobra.cz\/#\/schema\/person\/7238c0a9b66c801a9211e312dfc0f87d\",\"name\":\"Radim B\u00fcrger\",\"image\":{\"@type\":\"ImageObject\",\"inLanguage\":\"cs\",\"@id\":\"https:\/\/pcdobra.cz\/#\/schema\/person\/image\/\",\"url\":\"https:\/\/pcdobra.cz\/wp-content\/uploads\/2024\/01\/web_logo2.png\",\"contentUrl\":\"https:\/\/pcdobra.cz\/wp-content\/uploads\/2024\/01\/web_logo2.png\",\"width\":292,\"height\":56,\"caption\":\"Radim B\u00fcrger\"},\"logo\":{\"@id\":\"https:\/\/pcdobra.cz\/#\/schema\/person\/image\/\"},\"sameAs\":[\"https:\/\/pcdobra.cz\"],\"publishingPrinciples\":\"https:\/\/pcdobra.cz\/\",\"ownershipFundingInfo\":\"https:\/\/pcdobra.cz\/index.php\/cenik-sluzeb\/\",\"actionableFeedbackPolicy\":\"https:\/\/pcdobra.cz\/index.php\/kontakt\/\"}]}<\/script>\n<!-- \/ Yoast SEO Premium plugin. -->","yoast_head_json":{"title":"stav | Servis po\u010d\u00edta\u010d\u016f a notebook\u016f","description":"Zji\u0161t\u011bn\u00ed aktu\u00e1ln\u00edho \u0159e\u0161en\u00ed Va\u0161eho servisn\u00edho po\u017eadavku.","robots":{"index":"index","follow":"follow","max-snippet":"max-snippet:-1","max-image-preview":"max-image-preview:large","max-video-preview":"max-video-preview:-1"},"canonical":"https:\/\/pcdobra.cz\/index.php\/stav\/","og_locale":"cs_CZ","og_type":"article","og_title":"stav","og_description":"Zji\u0161t\u011bn\u00ed aktu\u00e1ln\u00edho \u0159e\u0161en\u00ed Va\u0161eho servisn\u00edho po\u017eadavku.","og_url":"https:\/\/pcdobra.cz\/index.php\/stav\/","og_site_name":"Servis po\u010d\u00edta\u010d\u016f a notebook\u016f","article_modified_time":"2024-09-03T13:21:10+00:00","twitter_card":"summary_large_image","schema":{"@context":"https:\/\/schema.org","@graph":[{"@type":"WebPage","@id":"https:\/\/pcdobra.cz\/index.php\/stav\/","url":"https:\/\/pcdobra.cz\/index.php\/stav\/","name":"stav | Servis po\u010d\u00edta\u010d\u016f a notebook\u016f","isPartOf":{"@id":"https:\/\/pcdobra.cz\/#website"},"datePublished":"2024-09-03T13:19:59+00:00","dateModified":"2024-09-03T13:21:10+00:00","description":"Zji\u0161t\u011bn\u00ed aktu\u00e1ln\u00edho \u0159e\u0161en\u00ed Va\u0161eho servisn\u00edho po\u017eadavku.","breadcrumb":{"@id":"https:\/\/pcdobra.cz\/index.php\/stav\/#breadcrumb"},"inLanguage":"cs","potentialAction":[{"@type":"ReadAction","target":["https:\/\/pcdobra.cz\/index.php\/stav\/"]}]},{"@type":"BreadcrumbList","@id":"https:\/\/pcdobra.cz\/index.php\/stav\/#breadcrumb","itemListElement":[{"@type":"ListItem","position":1,"name":"Dom\u016f","item":"https:\/\/pcdobra.cz\/"},{"@type":"ListItem","position":2,"name":"stav"}]},{"@type":"WebSite","@id":"https:\/\/pcdobra.cz\/#website","url":"https:\/\/pcdobra.cz\/","name":"Servis po\u010d\u00edta\u010d\u016f a notebook\u016f","description":"Ing. Radim B\u00fcrger","publisher":{"@id":"https:\/\/pcdobra.cz\/#\/schema\/person\/7238c0a9b66c801a9211e312dfc0f87d"},"alternateName":"Oprava po\u010d\u00edta\u010d\u016f","potentialAction":[{"@type":"SearchAction","target":{"@type":"EntryPoint","urlTemplate":"https:\/\/pcdobra.cz\/?s={search_term_string}"},"query-input":{"@type":"PropertyValueSpecification","valueRequired":true,"valueName":"search_term_string"}}],"inLanguage":"cs"},{"@type":["Person","Organization"],"@id":"https:\/\/pcdobra.cz\/#\/schema\/person\/7238c0a9b66c801a9211e312dfc0f87d","name":"Radim B\u00fcrger","image":{"@type":"ImageObject","inLanguage":"cs","@id":"https:\/\/pcdobra.cz\/#\/schema\/person\/image\/","url":"https:\/\/pcdobra.cz\/wp-content\/uploads\/2024\/01\/web_logo2.png","contentUrl":"https:\/\/pcdobra.cz\/wp-content\/uploads\/2024\/01\/web_logo2.png","width":292,"height":56,"caption":"Radim B\u00fcrger"},"logo":{"@id":"https:\/\/pcdobra.cz\/#\/schema\/person\/image\/"},"sameAs":["https:\/\/pcdobra.cz"],"publishingPrinciples":"https:\/\/pcdobra.cz\/","ownershipFundingInfo":"https:\/\/pcdobra.cz\/index.php\/cenik-sluzeb\/","actionableFeedbackPolicy":"https:\/\/pcdobra.cz\/index.php\/kontakt\/"}]}},"_links":{"self":[{"href":"https:\/\/pcdobra.cz\/index.php\/wp-json\/wp\/v2\/pages\/706","targetHints":{"allow":["GET"]}}],"collection":[{"href":"https:\/\/pcdobra.cz\/index.php\/wp-json\/wp\/v2\/pages"}],"about":[{"href":"https:\/\/pcdobra.cz\/index.php\/wp-json\/wp\/v2\/types\/page"}],"author":[{"embeddable":true,"href":"https:\/\/pcdobra.cz\/index.php\/wp-json\/wp\/v2\/users\/1"}],"replies":[{"embeddable":true,"href":"https:\/\/pcdobra.cz\/index.php\/wp-json\/wp\/v2\/comments?post=706"}],"version-history":[{"count":1,"href":"https:\/\/pcdobra.cz\/index.php\/wp-json\/wp\/v2\/pages\/706\/revisions"}],"predecessor-version":[{"id":707,"href":"https:\/\/pcdobra.cz\/index.php\/wp-json\/wp\/v2\/pages\/706\/revisions\/707"}],"wp:attachment":[{"href":"https:\/\/pcdobra.cz\/index.php\/wp-json\/wp\/v2\/media?parent=706"}],"curies":[{"name":"wp","href":"https:\/\/api.w.org\/{rel}","templated":true}]}}